{"id":4614,"date":"2013-01-06T17:38:33","date_gmt":"2013-01-06T17:38:33","guid":{"rendered":"http:\/\/www.internationalchocolateawards.com\/enter-2\/"},"modified":"2015-02-06T11:13:09","modified_gmt":"2015-02-06T11:13:09","slug":"enter","status":"publish","type":"page","link":"https:\/\/enter.chocolateawards.com\/ca\/enter\/","title":{"rendered":"Introdu\u00efu els International Chocolate Awards"},"content":{"rendered":"<p>Els International Chocolate Awards estan oberts a empreses o individus que produeixen productes de xocolata fina per a la venda comercial en qualsevol lloc del m\u00f3n. Els productes han d&#8217;estar disponibles per a la venda al detall a l&#8217;any dels Premis actuals. Si us plau, consulti les competicions individuals per a la regi\u00f3 o competicions nacionals que ha d&#8217;introduir<\/p>\n<h3>Regles i categories<\/h3>\n<p>Els detalls complets de la competici\u00f3, les categories i regles per a totes les competicions es poden descarregar aqu\u00ed (PDF): <a href=\"\/wp-content\/uploads\/2015\/02\/International-Chocolate-Awards-2015-Categories-i-Regles-National-competition-CA.pdf\" target=\"_blank\">International Chocolate Awards &#8211; Categories i regles<\/a>.<\/p>\n<p>Si vost\u00e8 t\u00e9 alguna pregunta sobre la competici\u00f3 o com participar, si us plau posi&#8217;s en contacte mitjan\u00e7ant el nostre <a title=\"Contact\" href=\"https:\/\/www.internationalchocolateawards.com\/about\/contact\/\">formulari de contacte.<\/a><\/p>\n<h2>Concursos actuals<\/h2>\n<hr class=\"dotted\">\n<h5><strong>European, Middle Eastern and African Bean-to-Bar Competition &#8211; 2026<br \/>\n<\/strong><\/h5>\n<p><em>Bucharest, Romania, abril 8, 2026 &#8211; abril 25, 2026<\/em><\/p>\n<p><strong>Data l\u00edmit<\/strong>: mar\u00e7 23, 2026 &#8211; <strong>Les mostres requerides per<\/strong>: mar\u00e7 24, 2026<\/p>\n<hr class=\"dotted\">\n<h5><strong>British Craft Chocolate Competition &#8211; 2026<br \/>\n<\/strong><\/h5>\n<p><em>London, United Kingdom, abril 8, 2026 &#8211; abril 25, 2026<\/em><\/p>\n<p><strong>Data l\u00edmit<\/strong>: mar\u00e7 23, 2026 &#8211; <strong>Les mostres requerides per<\/strong>: mar\u00e7 24, 2026<\/p>\n<hr class=\"dotted\">\n<h5><strong>Canadian Craft Chocolate Competition &#8211; 2026<br \/>\n<\/strong><\/h5>\n<p><em>Toronto, Canada, abril 9, 2026 &#8211; maig 8, 2026<\/em><\/p>\n<p><strong>Data l\u00edmit<\/strong>: mar\u00e7 16, 2026 &#8211; <strong>Les mostres requerides per<\/strong>: mar\u00e7 16, 2026<\/p>\n<hr class=\"dotted\">\n<h5><strong>Americas Craft Chocolate Competition \u2013 USA &#8211; 2026<br \/>\n<\/strong><\/h5>\n<p><em>New York, United States, abril 9, 2026 &#8211; maig 8, 2026<\/em><\/p>\n<p><strong>Data l\u00edmit<\/strong>: mar\u00e7 16, 2026 &#8211; <strong>Les mostres requerides per<\/strong>: mar\u00e7 16, 2026<\/p>\n<hr class=\"dotted\">\n<h5><strong>Americas Craft Chocolate Competition \u2013 Latin America and the Caribbean &#8211; 2026<br \/>\n<\/strong><\/h5>\n<p><em>New York, United States, abril 9, 2026 &#8211; maig 8, 2026<\/em><\/p>\n<p><strong>Data l\u00edmit<\/strong>: mar\u00e7 16, 2026 &#8211; <strong>Les mostres requerides per<\/strong>: mar\u00e7 16, 2026<\/p>\n<hr class=\"dotted\">\n<h5><strong>French &#8211; Benelux Chocolatier Competition &#8211; 2026<br \/>\n<\/strong><\/h5>\n<p><em>Bordeaux, France, abril 30, 2026 &#8211; maig 1, 2026<\/em><\/p>\n<p><strong>Data l\u00edmit<\/strong>: abril 27, 2026 &#8211; <strong>Les mostres requerides per<\/strong>: abril 29, 2026<\/p>\n<p>OBERT PER INSCRIPCIONS.<\/p>\n<p><strong><a href=\"\/ca\/competition-info?comp_id=374193\">Participar en aquest concurs o esbrinar m\u00e9s<\/a><\/strong><\/p>\n<hr class=\"dotted\">\n<h5><strong>Scandinavian Chocolatier Competition &#8211; 2026<br \/>\n<\/strong><\/h5>\n<p><em>Bordeaux, France, abril 30, 2026 &#8211; maig 1, 2026<\/em><\/p>\n<p><strong>Data l\u00edmit<\/strong>: abril 27, 2026 &#8211; <strong>Les mostres requerides per<\/strong>: abril 29, 2026<\/p>\n<p>OBERT PER INSCRIPCIONS.<\/p>\n<p><strong><a href=\"\/ca\/competition-info?comp_id=382136\">Participar en aquest concurs o esbrinar m\u00e9s<\/a><\/strong><\/p>\n<hr class=\"dotted\">\n<h5><strong>Indian Craft Chocolate Competition &#8211; 2026<br \/>\n<\/strong><\/h5>\n<p><em>Bangalore, India, maig 10, 2026 &#8211; maig 30, 2026<\/em><\/p>\n<p><strong>Data l\u00edmit<\/strong>: abril 15, 2026 &#8211; <strong>Les mostres requerides per<\/strong>: abril 15, 2026<\/p>\n<hr class=\"dotted\">\n<h5><strong>11\u00ba Concurso de Chocolate Peruano &#8211; 2026<br \/>\n<\/strong><\/h5>\n<p><em>Lima, Peru, maig 27, 2026 &#8211; juny 23, 2026<\/em><\/p>\n<p><strong>Data l\u00edmit<\/strong>: maig 9, 2026 &#8211; <strong>Les mostres requerides per<\/strong>: maig 11, 2026<\/p>\n<p>OBERT PER INSCRIPCIONS.<\/p>\n<p><strong><a href=\"\/ca\/competition-info?comp_id=374205\">Participar en aquest concurs o esbrinar m\u00e9s<\/a><\/strong><\/p>\n<hr class=\"dotted\">\n\n<hr class=\"dotted\">\n<h2>Concursos anteriors<\/h2>\n<h5><strong>World Craft Drinking Chocolate Competition &#8211; 2026<br \/>\n<\/strong><\/h5>\n<p><em>Rimini, Italy, gener 9, 2026 &#8211; gener 12, 2026<\/em><\/p>\n<p><strong>Data l\u00edmit<\/strong>: desembre 17, 2025 &#8211; <strong>Les mostres requerides per<\/strong>: desembre 19, 2025<\/p>\n<hr class=\"dotted\">\n<h5><strong>DACH &#8211; Deutschland \/ \u00d6sterreich \/ Schweiz Wettbewerb Craft Chocolatier Competition &#8211; 2026<br \/>\n<\/strong><\/h5>\n<p><em>Vienna, Austria, gener 22, 2026 &#8211; gener 23, 2026<\/em><\/p>\n<p><strong>Data l\u00edmit<\/strong>: gener 21, 2026 &#8211; <strong>Les mostres requerides per<\/strong>: gener 21, 2026<\/p>\n<hr class=\"dotted\">\n<h5><strong>Eastern European Craft Chocolatier Competition &#8211; 2026<br \/>\n<\/strong><\/h5>\n<p><em>Vienna, Austria, gener 22, 2026 &#8211; gener 23, 2026<\/em><\/p>\n<p><strong>Data l\u00edmit<\/strong>: gener 21, 2026 &#8211; <strong>Les mostres requerides per<\/strong>: gener 21, 2026<\/p>\n<hr class=\"dotted\">\n<h5><strong>Italian\/Mediterranean Craft Chocolatier Competition &#8211; 2026<br \/>\n<\/strong><\/h5>\n<p><em>Florence, Italy, febrer 28, 2026 &#8211; mar\u00e7 3, 2026<\/em><\/p>\n<p><strong>Data l\u00edmit<\/strong>: febrer 26, 2026 &#8211; <strong>Les mostres requerides per<\/strong>: febrer 26, 2026<\/p>\n<hr class=\"dotted\">\n<h5><strong>Asia-Pacific Bean-to-Bar and Craft Chocolatier Competition &#8211; 2026<br \/>\n<\/strong><\/h5>\n<p><em>Hong Kong, Hong Kong, mar\u00e7 9, 2026 &#8211; abril 2, 2026<\/em><\/p>\n<p><strong>Data l\u00edmit<\/strong>: febrer 27, 2026 &#8211; <strong>Les mostres requerides per<\/strong>: mar\u00e7 3, 2026<\/p>\n<hr class=\"dotted\">\n<h5><strong>British Craft Chocolate Competition &#8211; 2026<br \/>\n<\/strong><\/h5>\n<p><em>London, United Kingdom, abril 8, 2026 &#8211; abril 25, 2026<\/em><\/p>\n<p><strong>Data l\u00edmit<\/strong>: mar\u00e7 23, 2026 &#8211; <strong>Les mostres requerides per<\/strong>: mar\u00e7 24, 2026<\/p>\n<hr class=\"dotted\">\n\n","protected":false},"excerpt":{"rendered":"<p>Els International Chocolate Awards estan oberts a empreses o individus que produeixen productes de xocolata fina per a la venda comercial en qualsevol lloc del m\u00f3n. Els productes han d&#8217;estar disponibles per a la venda al detall a l&#8217;any dels Premis actuals. Si us plau, consulti les competicions individuals per a la regi\u00f3 o competicions [&hellip;]<\/p>\n","protected":false},"author":1,"featured_media":0,"parent":0,"menu_order":0,"comment_status":"closed","ping_status":"open","template":"page-right-sidebar.php","meta":{"footnotes":""},"class_list":["post-4614","page","type-page","status-publish","hentry"],"yoast_head":"<!-- This site is optimized with the Yoast SEO plugin v24.1 - https:\/\/yoast.com\/wordpress\/plugins\/seo\/ -->\n<title>Introdu\u00efu els International Chocolate Awards - International Chocolate Awards<\/title>\n<meta name=\"robots\" content=\"index, follow, max-snippet:-1, max-image-preview:large, max-video-preview:-1\" \/>\n<link rel=\"canonical\" href=\"https:\/\/enter.chocolateawards.com\/enter\/\" \/>\n<meta name=\"twitter:label1\" content=\"Temps estimat de lectura\" \/>\n\t<meta name=\"twitter:data1\" content=\"1 minut\" \/>\n<script type=\"application\/ld+json\" class=\"yoast-schema-graph\">{\"@context\":\"https:\/\/schema.org\",\"@graph\":[{\"@type\":\"WebPage\",\"@id\":\"https:\/\/enter.chocolateawards.com\/enter\/\",\"url\":\"https:\/\/enter.chocolateawards.com\/enter\/\",\"name\":\"Introdu\u00efu els International Chocolate Awards - International Chocolate Awards\",\"isPartOf\":{\"@id\":\"https:\/\/enter.chocolateawards.com\/it\/#website\"},\"datePublished\":\"2013-01-06T17:38:33+00:00\",\"dateModified\":\"2015-02-06T11:13:09+00:00\",\"inLanguage\":\"ca\",\"potentialAction\":[{\"@type\":\"ReadAction\",\"target\":[\"https:\/\/enter.chocolateawards.com\/enter\/\"]}]},{\"@type\":\"WebSite\",\"@id\":\"https:\/\/enter.chocolateawards.com\/it\/#website\",\"url\":\"https:\/\/enter.chocolateawards.com\/it\/\",\"name\":\"International Chocolate Awards\",\"description\":\"Celebrating excellence and craft in fine chocolate\",\"potentialAction\":[{\"@type\":\"SearchAction\",\"target\":{\"@type\":\"EntryPoint\",\"urlTemplate\":\"https:\/\/enter.chocolateawards.com\/it\/?s={search_term_string}\"},\"query-input\":{\"@type\":\"PropertyValueSpecification\",\"valueRequired\":true,\"valueName\":\"search_term_string\"}}],\"inLanguage\":\"ca\"}]}<\/script>\n<!-- \/ Yoast SEO plugin. -->","yoast_head_json":{"title":"Introdu\u00efu els International Chocolate Awards - International Chocolate Awards","robots":{"index":"index","follow":"follow","max-snippet":"max-snippet:-1","max-image-preview":"max-image-preview:large","max-video-preview":"max-video-preview:-1"},"canonical":"https:\/\/enter.chocolateawards.com\/enter\/","twitter_misc":{"Temps estimat de lectura":"1 minut"},"schema":{"@context":"https:\/\/schema.org","@graph":[{"@type":"WebPage","@id":"https:\/\/enter.chocolateawards.com\/enter\/","url":"https:\/\/enter.chocolateawards.com\/enter\/","name":"Introdu\u00efu els International Chocolate Awards - International Chocolate Awards","isPartOf":{"@id":"https:\/\/enter.chocolateawards.com\/it\/#website"},"datePublished":"2013-01-06T17:38:33+00:00","dateModified":"2015-02-06T11:13:09+00:00","inLanguage":"ca","potentialAction":[{"@type":"ReadAction","target":["https:\/\/enter.chocolateawards.com\/enter\/"]}]},{"@type":"WebSite","@id":"https:\/\/enter.chocolateawards.com\/it\/#website","url":"https:\/\/enter.chocolateawards.com\/it\/","name":"International Chocolate Awards","description":"Celebrating excellence and craft in fine chocolate","potentialAction":[{"@type":"SearchAction","target":{"@type":"EntryPoint","urlTemplate":"https:\/\/enter.chocolateawards.com\/it\/?s={search_term_string}"},"query-input":{"@type":"PropertyValueSpecification","valueRequired":true,"valueName":"search_term_string"}}],"inLanguage":"ca"}]}},"_links":{"self":[{"href":"https:\/\/enter.chocolateawards.com\/ca\/wp-json\/wp\/v2\/pages\/4614","targetHints":{"allow":["GET"]}}],"collection":[{"href":"https:\/\/enter.chocolateawards.com\/ca\/wp-json\/wp\/v2\/pages"}],"about":[{"href":"https:\/\/enter.chocolateawards.com\/ca\/wp-json\/wp\/v2\/types\/page"}],"author":[{"embeddable":true,"href":"https:\/\/enter.chocolateawards.com\/ca\/wp-json\/wp\/v2\/users\/1"}],"replies":[{"embeddable":true,"href":"https:\/\/enter.chocolateawards.com\/ca\/wp-json\/wp\/v2\/comments?post=4614"}],"version-history":[{"count":4,"href":"https:\/\/enter.chocolateawards.com\/ca\/wp-json\/wp\/v2\/pages\/4614\/revisions"}],"predecessor-version":[{"id":4680,"href":"https:\/\/enter.chocolateawards.com\/ca\/wp-json\/wp\/v2\/pages\/4614\/revisions\/4680"}],"wp:attachment":[{"href":"https:\/\/enter.chocolateawards.com\/ca\/wp-json\/wp\/v2\/media?parent=4614"}],"curies":[{"name":"wp","href":"https:\/\/api.w.org\/{rel}","templated":true}]}}