{"id":4797,"date":"2012-01-14T11:43:39","date_gmt":"2012-01-14T11:43:39","guid":{"rendered":"http:\/\/www.internationalchocolateawards.com\/home-2\/"},"modified":"2015-08-23T13:59:44","modified_gmt":"2015-08-23T13:59:44","slug":"home","status":"publish","type":"page","link":"https:\/\/enter.chocolateawards.com\/ca\/","title":{"rendered":"Home"},"content":{"rendered":"[blockquote]Els Premis Internacionals de la Xocolata s\u00f3n una competici\u00f3 independent que reconeix l&#8217;excel\u2022l\u00e8ncia en la fabricaci\u00f3 de la xocolata fina i en els productes elaborats amb xocolata fina. Com a \u00fanica competici\u00f3 mundial de xocolateria fina totalment independent, el nostre objectiu \u00e9s donar suport a les empreses productores de xocolata fina i xocolaters, petites empreses i artesans que treballen amb xocolata fina. En ajudar a aquests mercats a cr\u00e9ixer i desenvolupar-se, tamb\u00e9 tenim com a objectiu donar suport als agricultors que cultiven cacau fi.[\/blockquote]\n<div class=\"info_box info_box1 info\"><div class=\"title_box\"><h4><\/h4><\/div><div class=\"content_box\">Per als nostres concursos actuals i per entrar en els premis, visiteu la nostra p\u00e0gina de <a title=\"Enter competition\" href=\"https:\/\/www.internationalchocolateawards.com\/ca\/enter\/\">Enter<\/a>.<\/div><\/div>\n","protected":false},"excerpt":{"rendered":"<p>[blockquote]Els Premis Internacionals de la Xocolata s\u00f3n una competici\u00f3 independent que reconeix l&#8217;excel\u2022l\u00e8ncia en la fabricaci\u00f3 de la xocolata fina i en els productes elaborats amb xocolata fina. Com a \u00fanica competici\u00f3 mundial de xocolateria fina totalment independent, el nostre objectiu \u00e9s donar suport a les empreses productores de xocolata fina i xocolaters, petites empreses [&hellip;]<\/p>\n","protected":false},"author":1,"featured_media":21859,"parent":0,"menu_order":0,"comment_status":"open","ping_status":"open","template":"elementor_header_footer","meta":{"footnotes":""},"class_list":["post-4797","page","type-page","status-publish","has-post-thumbnail","hentry"],"yoast_head":"<!-- This site is optimized with the Yoast SEO plugin v24.1 - https:\/\/yoast.com\/wordpress\/plugins\/seo\/ -->\n<title>Home - International Chocolate Awards<\/title>\n<meta name=\"robots\" content=\"index, follow, max-snippet:-1, max-image-preview:large, max-video-preview:-1\" \/>\n<link rel=\"canonical\" href=\"https:\/\/enter.chocolateawards.com\/ca\/\" \/>\n<meta name=\"twitter:label1\" content=\"Temps estimat de lectura\" \/>\n\t<meta name=\"twitter:data1\" content=\"1 minut\" \/>\n<script type=\"application\/ld+json\" class=\"yoast-schema-graph\">{\"@context\":\"https:\/\/schema.org\",\"@graph\":[{\"@type\":\"WebPage\",\"@id\":\"https:\/\/enter.chocolateawards.com\/ca\/\",\"url\":\"https:\/\/enter.chocolateawards.com\/ca\/\",\"name\":\"Home - International Chocolate Awards\",\"isPartOf\":{\"@id\":\"https:\/\/enter.chocolateawards.com\/it\/#website\"},\"primaryImageOfPage\":{\"@id\":\"https:\/\/enter.chocolateawards.com\/ca\/#primaryimage\"},\"image\":{\"@id\":\"https:\/\/enter.chocolateawards.com\/ca\/#primaryimage\"},\"thumbnailUrl\":\"https:\/\/enter.chocolateawards.com\/wp-content\/uploads\/2015\/04\/New-York-Square.jpg\",\"datePublished\":\"2012-01-14T11:43:39+00:00\",\"dateModified\":\"2015-08-23T13:59:44+00:00\",\"inLanguage\":\"ca\",\"potentialAction\":[{\"@type\":\"ReadAction\",\"target\":[\"https:\/\/enter.chocolateawards.com\/ca\/\"]}]},{\"@type\":\"ImageObject\",\"inLanguage\":\"ca\",\"@id\":\"https:\/\/enter.chocolateawards.com\/ca\/#primaryimage\",\"url\":\"https:\/\/enter.chocolateawards.com\/wp-content\/uploads\/2015\/04\/New-York-Square.jpg\",\"contentUrl\":\"https:\/\/enter.chocolateawards.com\/wp-content\/uploads\/2015\/04\/New-York-Square.jpg\",\"width\":400,\"height\":400},{\"@type\":\"WebSite\",\"@id\":\"https:\/\/enter.chocolateawards.com\/it\/#website\",\"url\":\"https:\/\/enter.chocolateawards.com\/it\/\",\"name\":\"International Chocolate Awards\",\"description\":\"Celebrating excellence and craft in fine chocolate\",\"potentialAction\":[{\"@type\":\"SearchAction\",\"target\":{\"@type\":\"EntryPoint\",\"urlTemplate\":\"https:\/\/enter.chocolateawards.com\/it\/?s={search_term_string}\"},\"query-input\":{\"@type\":\"PropertyValueSpecification\",\"valueRequired\":true,\"valueName\":\"search_term_string\"}}],\"inLanguage\":\"ca\"}]}<\/script>\n<!-- \/ Yoast SEO plugin. -->","yoast_head_json":{"title":"Home - International Chocolate Awards","robots":{"index":"index","follow":"follow","max-snippet":"max-snippet:-1","max-image-preview":"max-image-preview:large","max-video-preview":"max-video-preview:-1"},"canonical":"https:\/\/enter.chocolateawards.com\/ca\/","twitter_misc":{"Temps estimat de lectura":"1 minut"},"schema":{"@context":"https:\/\/schema.org","@graph":[{"@type":"WebPage","@id":"https:\/\/enter.chocolateawards.com\/ca\/","url":"https:\/\/enter.chocolateawards.com\/ca\/","name":"Home - International Chocolate Awards","isPartOf":{"@id":"https:\/\/enter.chocolateawards.com\/it\/#website"},"primaryImageOfPage":{"@id":"https:\/\/enter.chocolateawards.com\/ca\/#primaryimage"},"image":{"@id":"https:\/\/enter.chocolateawards.com\/ca\/#primaryimage"},"thumbnailUrl":"https:\/\/enter.chocolateawards.com\/wp-content\/uploads\/2015\/04\/New-York-Square.jpg","datePublished":"2012-01-14T11:43:39+00:00","dateModified":"2015-08-23T13:59:44+00:00","inLanguage":"ca","potentialAction":[{"@type":"ReadAction","target":["https:\/\/enter.chocolateawards.com\/ca\/"]}]},{"@type":"ImageObject","inLanguage":"ca","@id":"https:\/\/enter.chocolateawards.com\/ca\/#primaryimage","url":"https:\/\/enter.chocolateawards.com\/wp-content\/uploads\/2015\/04\/New-York-Square.jpg","contentUrl":"https:\/\/enter.chocolateawards.com\/wp-content\/uploads\/2015\/04\/New-York-Square.jpg","width":400,"height":400},{"@type":"WebSite","@id":"https:\/\/enter.chocolateawards.com\/it\/#website","url":"https:\/\/enter.chocolateawards.com\/it\/","name":"International Chocolate Awards","description":"Celebrating excellence and craft in fine chocolate","potentialAction":[{"@type":"SearchAction","target":{"@type":"EntryPoint","urlTemplate":"https:\/\/enter.chocolateawards.com\/it\/?s={search_term_string}"},"query-input":{"@type":"PropertyValueSpecification","valueRequired":true,"valueName":"search_term_string"}}],"inLanguage":"ca"}]}},"_links":{"self":[{"href":"https:\/\/enter.chocolateawards.com\/ca\/wp-json\/wp\/v2\/pages\/4797","targetHints":{"allow":["GET"]}}],"collection":[{"href":"https:\/\/enter.chocolateawards.com\/ca\/wp-json\/wp\/v2\/pages"}],"about":[{"href":"https:\/\/enter.chocolateawards.com\/ca\/wp-json\/wp\/v2\/types\/page"}],"author":[{"embeddable":true,"href":"https:\/\/enter.chocolateawards.com\/ca\/wp-json\/wp\/v2\/users\/1"}],"replies":[{"embeddable":true,"href":"https:\/\/enter.chocolateawards.com\/ca\/wp-json\/wp\/v2\/comments?post=4797"}],"version-history":[{"count":10,"href":"https:\/\/enter.chocolateawards.com\/ca\/wp-json\/wp\/v2\/pages\/4797\/revisions"}],"predecessor-version":[{"id":6415,"href":"https:\/\/enter.chocolateawards.com\/ca\/wp-json\/wp\/v2\/pages\/4797\/revisions\/6415"}],"wp:featuredmedia":[{"embeddable":true,"href":"https:\/\/enter.chocolateawards.com\/ca\/wp-json\/wp\/v2\/media\/21859"}],"wp:attachment":[{"href":"https:\/\/enter.chocolateawards.com\/ca\/wp-json\/wp\/v2\/media?parent=4797"}],"curies":[{"name":"wp","href":"https:\/\/api.w.org\/{rel}","templated":true}]}}