{"id":3268,"date":"2013-01-06T18:14:29","date_gmt":"2013-01-06T18:14:29","guid":{"rendered":"http:\/\/www.internationalchocolateawards.com\/competition-info-2\/"},"modified":"2017-05-25T11:22:16","modified_gmt":"2017-05-25T11:22:16","slug":"competition-info","status":"publish","type":"page","link":"https:\/\/enter.chocolateawards.com\/de\/competition-info\/","title":{"rendered":"Competition info"},"content":{"rendered":"<p><a title=\"Enter the International Chocolate Awards\" href=\"\/?page_id=1396\">Back to all competitions<\/a><\/p>\n<p>.<\/p>\n<div id=\"competition-info\">\n<h2>Israeli National Competition, 2013<\/h2>\n<p><strong>Wettbewerbsort<\/strong>: Jaffa, Israel<br \/>\n<strong>Teilnahmeschluss<\/strong>: Februar 4, 2013<br \/>\n<strong>Datum des Wettbewerbs<\/strong>: Februar 7, 2013 &#8211; Februar 10, 2013<br \/>\n<strong>Teilnahmel\u00e4nder<\/strong>: Israel<\/p>\n<p>WETTBEWERB ARCHIVIERT.<\/p>\n<hr class=\"thin\" \/>\n<p>The first Israeli National competition will be held in Jaffa 7-10 February as part of the first <a href=\"http:\/\/www.chocolateweek.co.il\" target=\"_blank\">Israeli Chocolate Week<\/a>. Winners will qualify for the World Final in London in October 2013.<\/p>\n<hr class=\"thin\" \/>\n<h3>Qualifikation<\/h3>\n<p>This competition is open to companies based in Israel only. Other European, Middle Eastern or Asian companies may enter the European Semi-final in London in April.<\/p>\n<p>Dieses ist ein Europa-regionaler bzw. l\u00e4nderspezifischer Wettbewerb f\u00fcr alle Kategorien au\u00dfer Tafeln aus purer Herkunftsschokolade, bzw. Milch- und Wei\u00dfer Herkunftsschokolade. Diese werden eigenst\u00e4ndig bewertet beim Europ\u00e4ischen Halb-Finale in United Kingdom.<\/p>\n<p>Die Teilnahmegeb\u00fchr f\u00fcr den Wettbewerb ist <strong>\u20aa215<\/strong> zuz\u00fcglich <strong>\u20aa155<\/strong> f\u00fcr jedes zu bewertende Produkt. (Eine m\u00f6gliche Umrechnung in die lokale W\u00e4hrung erfolgt durch den Kreditkartenabrechnungsstelle &#8211; sofern n\u00f6tig).<\/p>\n<hr class=\"thin\" \/>\n<div class=\"spcy-col-container\"><div class=\"one_half\">\n<h3>Stand\/Status Wettbewerb<\/h3>\n<p>Dieser Wettbewerb ist noch nicht oder nicht mehr ge\u00f6ffnet.<\/p>\n<\/div>\n<div class=\"one_half\">\n<h3>Info<\/h3>\n<div class=\"info_box info_box1 info\"><div class=\"title_box\"><h4>Addresse f\u00fcr Mustereinsendungen<\/h4><\/div><div class=\"content_box\">\n<p>\u05d3\u05df \u05d2\u05d5\u05e8\u05de\u05d4 \u05ea&#8220;\u05d0<br \/>\n\u05e0\u05e1 \u05dc\u05d2\u05d5\u05d9\u05d9\u05dd 53 \u05ea&#8220;\u05d0<br \/>\n\u05dc\u05d9\u05d3\u05d9 \u05de\u05d0\u05d9\u05d4\/ \u05d0\u05d5 \u05de\u05d9\u05db\u05dc<\/p>\n<p>Dan Gourmet Tel-Aviv,<br \/>\nC\/O Maya or Michal,<br \/>\nNes La Goyim 53,<br \/>\nTel-Aviv<\/p>\n<p>(Office hours 09:00 &#8211; 17:00)<\/p>\n<p>Phone: 03-6338236<\/p>\n<p>(Phone number is for shipping purposes only, do not use for Awards enquiries.)<\/p>\n<\/div><\/div>\n<div class=\"info_box info_box1 info\"><div class=\"title_box\"><h4>Daten<\/h4><\/div><div class=\"content_box\">\n<p>Bitte senden Sie keine Muster vor den Annahmedaten ein, damit Ihre Muster in der bestm\u00f6glichen Kondition f\u00fcr den Wettbewerb sind. Frische Produkte wie Ganaches, sollten Sie am besten in der letzten Woche vor Annahmeschluss einschicken.<\/p>\n<ul>\n<li><strong>Annahmedatum ab<\/strong>:\n<\/li>\n<li><strong>Annahmeschluss f\u00fcr Muster<\/strong>:<br \/>\nFebruar 6, 2013<\/li>\n<li><strong>Teilnahmeschluss<\/strong>:<br \/>\nFebruar 4, 2013<\/li>\n<\/ul>\n<\/div><\/div>\n<div class=\"info_box info_box1 info\"><div class=\"title_box\"><h4>Muster Mengen<\/h4><\/div><div class=\"content_box\">\n<p>Bitte senden Sie folgende Mengen ein, damit wir gen\u00fcgend Verkostungsmuster f\u00fcr die drei Verkostungsrunden (Auswahl, Hauptrunde und Grand Jury Runde) haben:<\/p>\n<ul>\n<li><strong>Tafeln<\/strong>: 400g (14 ounces) Totalgewicht<\/li>\n<li><strong>Pralinen<\/strong>: 40 St\u00fcck<\/li>\n<li><strong>Aufstriche<\/strong>: 1 jar (min 300 grams\/10 ounces)<\/li>\n<\/ul>\n<\/div><\/div>\n\n<\/div><\/div>\n<hr class=\"dotted\">\n\n<\/div>\n\n","protected":false},"excerpt":{"rendered":"<p>Back to all competitions .<\/p>\n","protected":false},"author":1,"featured_media":8030,"parent":0,"menu_order":0,"comment_status":"closed","ping_status":"open","template":"page-right-sidebar-comp.php","meta":{"footnotes":""},"class_list":["post-3268","page","type-page","status-publish","has-post-thumbnail","hentry"],"yoast_head":"<!-- This site is optimized with the Yoast SEO plugin v24.1 - https:\/\/yoast.com\/wordpress\/plugins\/seo\/ -->\n<title>Competition info - International Chocolate Awards<\/title>\n<meta name=\"robots\" content=\"index, follow, max-snippet:-1, max-image-preview:large, max-video-preview:-1\" \/>\n<link rel=\"canonical\" href=\"https:\/\/enter.chocolateawards.com\/competition-info\/\" \/>\n<script type=\"application\/ld+json\" class=\"yoast-schema-graph\">{\"@context\":\"https:\/\/schema.org\",\"@graph\":[{\"@type\":\"WebPage\",\"@id\":\"https:\/\/enter.chocolateawards.com\/competition-info\/\",\"url\":\"https:\/\/enter.chocolateawards.com\/competition-info\/\",\"name\":\"Competition info - International Chocolate Awards\",\"isPartOf\":{\"@id\":\"https:\/\/enter.chocolateawards.com\/it\/#website\"},\"primaryImageOfPage\":{\"@id\":\"https:\/\/enter.chocolateawards.com\/competition-info\/#primaryimage\"},\"image\":{\"@id\":\"https:\/\/enter.chocolateawards.com\/competition-info\/#primaryimage\"},\"thumbnailUrl\":\"https:\/\/enter.chocolateawards.com\/wp-content\/uploads\/2017\/03\/amsterdam-teaser.jpg\",\"datePublished\":\"2013-01-06T18:14:29+00:00\",\"dateModified\":\"2017-05-25T11:22:16+00:00\",\"inLanguage\":\"de\",\"potentialAction\":[{\"@type\":\"ReadAction\",\"target\":[\"https:\/\/enter.chocolateawards.com\/competition-info\/\"]}]},{\"@type\":\"ImageObject\",\"inLanguage\":\"de\",\"@id\":\"https:\/\/enter.chocolateawards.com\/competition-info\/#primaryimage\",\"url\":\"https:\/\/enter.chocolateawards.com\/wp-content\/uploads\/2017\/03\/amsterdam-teaser.jpg\",\"contentUrl\":\"https:\/\/enter.chocolateawards.com\/wp-content\/uploads\/2017\/03\/amsterdam-teaser.jpg\",\"width\":600,\"height\":400,\"caption\":\"Amsterdam\"},{\"@type\":\"WebSite\",\"@id\":\"https:\/\/enter.chocolateawards.com\/it\/#website\",\"url\":\"https:\/\/enter.chocolateawards.com\/it\/\",\"name\":\"International Chocolate Awards\",\"description\":\"Celebrating excellence and craft in fine chocolate\",\"potentialAction\":[{\"@type\":\"SearchAction\",\"target\":{\"@type\":\"EntryPoint\",\"urlTemplate\":\"https:\/\/enter.chocolateawards.com\/it\/?s={search_term_string}\"},\"query-input\":{\"@type\":\"PropertyValueSpecification\",\"valueRequired\":true,\"valueName\":\"search_term_string\"}}],\"inLanguage\":\"de\"}]}<\/script>\n<!-- \/ Yoast SEO plugin. -->","yoast_head_json":{"title":"Competition info - International Chocolate Awards","robots":{"index":"index","follow":"follow","max-snippet":"max-snippet:-1","max-image-preview":"max-image-preview:large","max-video-preview":"max-video-preview:-1"},"canonical":"https:\/\/enter.chocolateawards.com\/competition-info\/","schema":{"@context":"https:\/\/schema.org","@graph":[{"@type":"WebPage","@id":"https:\/\/enter.chocolateawards.com\/competition-info\/","url":"https:\/\/enter.chocolateawards.com\/competition-info\/","name":"Competition info - International Chocolate Awards","isPartOf":{"@id":"https:\/\/enter.chocolateawards.com\/it\/#website"},"primaryImageOfPage":{"@id":"https:\/\/enter.chocolateawards.com\/competition-info\/#primaryimage"},"image":{"@id":"https:\/\/enter.chocolateawards.com\/competition-info\/#primaryimage"},"thumbnailUrl":"https:\/\/enter.chocolateawards.com\/wp-content\/uploads\/2017\/03\/amsterdam-teaser.jpg","datePublished":"2013-01-06T18:14:29+00:00","dateModified":"2017-05-25T11:22:16+00:00","inLanguage":"de","potentialAction":[{"@type":"ReadAction","target":["https:\/\/enter.chocolateawards.com\/competition-info\/"]}]},{"@type":"ImageObject","inLanguage":"de","@id":"https:\/\/enter.chocolateawards.com\/competition-info\/#primaryimage","url":"https:\/\/enter.chocolateawards.com\/wp-content\/uploads\/2017\/03\/amsterdam-teaser.jpg","contentUrl":"https:\/\/enter.chocolateawards.com\/wp-content\/uploads\/2017\/03\/amsterdam-teaser.jpg","width":600,"height":400,"caption":"Amsterdam"},{"@type":"WebSite","@id":"https:\/\/enter.chocolateawards.com\/it\/#website","url":"https:\/\/enter.chocolateawards.com\/it\/","name":"International Chocolate Awards","description":"Celebrating excellence and craft in fine chocolate","potentialAction":[{"@type":"SearchAction","target":{"@type":"EntryPoint","urlTemplate":"https:\/\/enter.chocolateawards.com\/it\/?s={search_term_string}"},"query-input":{"@type":"PropertyValueSpecification","valueRequired":true,"valueName":"search_term_string"}}],"inLanguage":"de"}]}},"_links":{"self":[{"href":"https:\/\/enter.chocolateawards.com\/de\/wp-json\/wp\/v2\/pages\/3268","targetHints":{"allow":["GET"]}}],"collection":[{"href":"https:\/\/enter.chocolateawards.com\/de\/wp-json\/wp\/v2\/pages"}],"about":[{"href":"https:\/\/enter.chocolateawards.com\/de\/wp-json\/wp\/v2\/types\/page"}],"author":[{"embeddable":true,"href":"https:\/\/enter.chocolateawards.com\/de\/wp-json\/wp\/v2\/users\/1"}],"replies":[{"embeddable":true,"href":"https:\/\/enter.chocolateawards.com\/de\/wp-json\/wp\/v2\/comments?post=3268"}],"version-history":[{"count":4,"href":"https:\/\/enter.chocolateawards.com\/de\/wp-json\/wp\/v2\/pages\/3268\/revisions"}],"predecessor-version":[{"id":3306,"href":"https:\/\/enter.chocolateawards.com\/de\/wp-json\/wp\/v2\/pages\/3268\/revisions\/3306"}],"wp:featuredmedia":[{"embeddable":true,"href":"https:\/\/enter.chocolateawards.com\/de\/wp-json\/wp\/v2\/media\/8030"}],"wp:attachment":[{"href":"https:\/\/enter.chocolateawards.com\/de\/wp-json\/wp\/v2\/media?parent=3268"}],"curies":[{"name":"wp","href":"https:\/\/api.w.org\/{rel}","templated":true}]}}