{"id":3271,"date":"2013-01-06T17:38:33","date_gmt":"2013-01-06T17:38:33","guid":{"rendered":"http:\/\/www.internationalchocolateawards.com\/enter-2\/"},"modified":"2014-04-16T00:07:07","modified_gmt":"2014-04-16T00:07:07","slug":"enter","status":"publish","type":"page","link":"https:\/\/enter.chocolateawards.com\/de\/enter\/","title":{"rendered":"An den International Chocolate Awards teilnehmen"},"content":{"rendered":"<p>An den International Chocolate Awards k\u00f6nnen Firmen oder Einzelpersonen teilnehmen, die erlesene Schokoladen Produkte in einem Teil der Welt zum Verkauf anbieten. Die Produkte m\u00fcssen im Einzelhandel w\u00e4hrend des Teilnahmejahres k\u00e4uflich erh\u00e4ltlich sein. Bitte sehen sie die Teilnahmebedingungen an, damit Sie wissen, bei welchem Wettbewerb Sie teilnehmen sollten.<\/p>\n<h3><strong>Regeln und Kategorien<\/strong><\/h3>\n<p>Die gesamten Details zum Wettbewerb, die Kategorien und gesamten Teilnahmeregeln k\u00f6nnen hier heruntergeladen werden (PDF): <a href=\"\/wp-content\/uploads\/2014\/04\/International-Chocolate-Awards-2014-Kategorien-und-Teilnahmebedingungen.pdf\" target=\"_blank\">International Chocolate Awards 2014 &#8211; Kategorien und Regeln<\/a>.<\/p>\n<p>Wenn Sie Fragen zur Teilnahme an dem Wettbewerb haben, setzen Sie sich mit uns \u00fcber das <a title=\"Contact\" href=\"https:\/\/www.internationalchocolateawards.com\/about\/contact\/\">Kontaktformular<\/a> in Verbindung.<\/p>\n<h2>Derzeitige Wettbewerbe<\/h2>\n<hr class=\"dotted\">\n<h5><strong>European, Middle Eastern and African Bean-to-Bar Competition &#8211; 2026<br \/>\n<\/strong><\/h5>\n<p><em>Bucharest, Romania, April 8, 2026 &#8211; April 25, 2026<\/em><\/p>\n<p><strong>Teilnahmeschluss<\/strong>: M\u00e4rz 23, 2026 &#8211; <strong>Annahmeschluss f\u00fcr Muster:<\/strong>: M\u00e4rz 24, 2026<\/p>\n<p>KEINE ANMELDUNGEN MEHR M\u00d6GLICH.<\/p>\n<p><strong><a href=\"\/de\/competition-info?comp_id=374174\">Wettbewerbsdetails<\/a><\/strong><br \/>\n<hr class=\"dotted\"><\/p>\n<h5><strong>British Craft Chocolate Competition &#8211; 2026<br \/>\n<\/strong><\/h5>\n<p><em>London, United Kingdom, April 8, 2026 &#8211; April 25, 2026<\/em><\/p>\n<p><strong>Teilnahmeschluss<\/strong>: M\u00e4rz 23, 2026 &#8211; <strong>Annahmeschluss f\u00fcr Muster:<\/strong>: M\u00e4rz 24, 2026<\/p>\n<hr class=\"dotted\">\n<h5><strong>Canadian Craft Chocolate Competition &#8211; 2026<br \/>\n<\/strong><\/h5>\n<p><em>Toronto, Canada, April 9, 2026 &#8211; Mai 8, 2026<\/em><\/p>\n<p><strong>Teilnahmeschluss<\/strong>: M\u00e4rz 16, 2026 &#8211; <strong>Annahmeschluss f\u00fcr Muster:<\/strong>: M\u00e4rz 16, 2026<\/p>\n<p>KEINE ANMELDUNGEN MEHR M\u00d6GLICH.<\/p>\n<p><strong><a href=\"\/de\/competition-info?comp_id=374195\">Wettbewerbsdetails<\/a><\/strong><br \/>\n<hr class=\"dotted\"><\/p>\n<h5><strong>Americas Craft Chocolate Competition \u2013 USA &#8211; 2026<br \/>\n<\/strong><\/h5>\n<p><em>New York, United States, April 9, 2026 &#8211; Mai 8, 2026<\/em><\/p>\n<p><strong>Teilnahmeschluss<\/strong>: M\u00e4rz 16, 2026 &#8211; <strong>Annahmeschluss f\u00fcr Muster:<\/strong>: M\u00e4rz 16, 2026<\/p>\n<p>KEINE ANMELDUNGEN MEHR M\u00d6GLICH.<\/p>\n<p><strong><a href=\"\/de\/competition-info?comp_id=374214\">Wettbewerbsdetails<\/a><\/strong><br \/>\n<hr class=\"dotted\"><\/p>\n<h5><strong>Americas Craft Chocolate Competition \u2013 Latin America and the Caribbean &#8211; 2026<br \/>\n<\/strong><\/h5>\n<p><em>New York, United States, April 9, 2026 &#8211; Mai 8, 2026<\/em><\/p>\n<p><strong>Teilnahmeschluss<\/strong>: M\u00e4rz 16, 2026 &#8211; <strong>Annahmeschluss f\u00fcr Muster:<\/strong>: M\u00e4rz 16, 2026<\/p>\n<p>KEINE ANMELDUNGEN MEHR M\u00d6GLICH.<\/p>\n<p><strong><a href=\"\/de\/competition-info?comp_id=374216\">Wettbewerbsdetails<\/a><\/strong><br \/>\n<hr class=\"dotted\"><\/p>\n<h5><strong>French &#8211; Benelux Chocolatier Competition &#8211; 2026<br \/>\n<\/strong><\/h5>\n<p><em>Bordeaux, France, April 30, 2026 &#8211; Mai 1, 2026<\/em><\/p>\n<p><strong>Teilnahmeschluss<\/strong>: April 27, 2026 &#8211; <strong>Annahmeschluss f\u00fcr Muster:<\/strong>: April 29, 2026<\/p>\n<p>F\u00dcR ANMELDUNGEN GE\u00d6FFNET.<\/p>\n<p><strong><a href=\"\/de\/competition-info?comp_id=374193\">am Wettbewerb teilnehmen oder mehr Information lesen<\/a><\/strong><\/p>\n<hr class=\"dotted\">\n<h5><strong>Scandinavian Chocolatier Competition &#8211; 2026<br \/>\n<\/strong><\/h5>\n<p><em>Bordeaux, France, April 30, 2026 &#8211; Mai 1, 2026<\/em><\/p>\n<p><strong>Teilnahmeschluss<\/strong>: April 27, 2026 &#8211; <strong>Annahmeschluss f\u00fcr Muster:<\/strong>: April 29, 2026<\/p>\n<p>F\u00dcR ANMELDUNGEN GE\u00d6FFNET.<\/p>\n<p><strong><a href=\"\/de\/competition-info?comp_id=382136\">am Wettbewerb teilnehmen oder mehr Information lesen<\/a><\/strong><\/p>\n<hr class=\"dotted\">\n<h5><strong>Indian Craft Chocolate Competition &#8211; 2026<br \/>\n<\/strong><\/h5>\n<p><em>Bangalore, India, Mai 10, 2026 &#8211; Mai 30, 2026<\/em><\/p>\n<p><strong>Teilnahmeschluss<\/strong>: April 15, 2026 &#8211; <strong>Annahmeschluss f\u00fcr Muster:<\/strong>: April 15, 2026<\/p>\n<p>KEINE ANMELDUNGEN MEHR M\u00d6GLICH.<\/p>\n<p><strong><a href=\"\/de\/competition-info?comp_id=374325\">Wettbewerbsdetails<\/a><\/strong><br \/>\n<hr class=\"dotted\"><\/p>\n<h5><strong>11\u00ba Concurso de Chocolate Peruano &#8211; 2026<br \/>\n<\/strong><\/h5>\n<p><em>Lima, Peru, Mai 27, 2026 &#8211; Juni 23, 2026<\/em><\/p>\n<p><strong>Teilnahmeschluss<\/strong>: Mai 9, 2026 &#8211; <strong>Annahmeschluss f\u00fcr Muster:<\/strong>: Mai 11, 2026<\/p>\n<p>F\u00dcR ANMELDUNGEN GE\u00d6FFNET.<\/p>\n<p><strong><a href=\"\/de\/competition-info?comp_id=374205\">am Wettbewerb teilnehmen oder mehr Information lesen<\/a><\/strong><\/p>\n<hr class=\"dotted\">\n\n<hr class=\"dotted\">\n<h2>vorherige Wettbewerbe<\/h2>\n<h5><strong>World Craft Drinking Chocolate Competition &#8211; 2026<br \/>\n<\/strong><\/h5>\n<p><em>Rimini, Italy, Januar 9, 2026 &#8211; Januar 12, 2026<\/em><\/p>\n<p><strong>Teilnahmeschluss<\/strong>: Dezember 17, 2025 &#8211; <strong>Annahmeschluss f\u00fcr Muster:<\/strong>: Dezember 19, 2025<\/p>\n<hr class=\"dotted\">\n<h5><strong>DACH &#8211; Deutschland \/ \u00d6sterreich \/ Schweiz Wettbewerb Craft Chocolatier Competition &#8211; 2026<br \/>\n<\/strong><\/h5>\n<p><em>Vienna, \u00d6sterreich, Januar 22, 2026 &#8211; Januar 23, 2026<\/em><\/p>\n<p><strong>Teilnahmeschluss<\/strong>: Januar 21, 2026 &#8211; <strong>Annahmeschluss f\u00fcr Muster:<\/strong>: Januar 21, 2026<\/p>\n<hr class=\"dotted\">\n<h5><strong>Eastern European Craft Chocolatier Competition &#8211; 2026<br \/>\n<\/strong><\/h5>\n<p><em>Vienna, \u00d6sterreich, Januar 22, 2026 &#8211; Januar 23, 2026<\/em><\/p>\n<p><strong>Teilnahmeschluss<\/strong>: Januar 21, 2026 &#8211; <strong>Annahmeschluss f\u00fcr Muster:<\/strong>: Januar 21, 2026<\/p>\n<hr class=\"dotted\">\n<h5><strong>Italian\/Mediterranean Craft Chocolatier Competition &#8211; 2026<br \/>\n<\/strong><\/h5>\n<p><em>Florence, Italy, Februar 28, 2026 &#8211; M\u00e4rz 3, 2026<\/em><\/p>\n<p><strong>Teilnahmeschluss<\/strong>: Februar 26, 2026 &#8211; <strong>Annahmeschluss f\u00fcr Muster:<\/strong>: Februar 26, 2026<\/p>\n<hr class=\"dotted\">\n<h5><strong>Asia-Pacific Bean-to-Bar and Craft Chocolatier Competition &#8211; 2026<br \/>\n<\/strong><\/h5>\n<p><em>Hong Kong, Hong Kong, M\u00e4rz 9, 2026 &#8211; April 2, 2026<\/em><\/p>\n<p><strong>Teilnahmeschluss<\/strong>: Februar 27, 2026 &#8211; <strong>Annahmeschluss f\u00fcr Muster:<\/strong>: M\u00e4rz 3, 2026<\/p>\n<hr class=\"dotted\">\n<h5><strong>British Craft Chocolate Competition &#8211; 2026<br \/>\n<\/strong><\/h5>\n<p><em>London, United Kingdom, April 8, 2026 &#8211; April 25, 2026<\/em><\/p>\n<p><strong>Teilnahmeschluss<\/strong>: M\u00e4rz 23, 2026 &#8211; <strong>Annahmeschluss f\u00fcr Muster:<\/strong>: M\u00e4rz 24, 2026<\/p>\n<hr class=\"dotted\">\n\n","protected":false},"excerpt":{"rendered":"<p>An den International Chocolate Awards k\u00f6nnen Firmen oder Einzelpersonen teilnehmen, die erlesene Schokoladen Produkte in einem Teil der Welt zum Verkauf anbieten. Die Produkte m\u00fcssen im Einzelhandel w\u00e4hrend des Teilnahmejahres k\u00e4uflich erh\u00e4ltlich sein. Bitte sehen sie die Teilnahmebedingungen an, damit Sie wissen, bei welchem Wettbewerb Sie teilnehmen sollten. Regeln und Kategorien Die gesamten Details zum [&hellip;]<\/p>\n","protected":false},"author":1,"featured_media":0,"parent":0,"menu_order":0,"comment_status":"closed","ping_status":"open","template":"page-right-sidebar.php","meta":{"footnotes":""},"class_list":["post-3271","page","type-page","status-publish","hentry"],"yoast_head":"<!-- This site is optimized with the Yoast SEO plugin v24.1 - https:\/\/yoast.com\/wordpress\/plugins\/seo\/ -->\n<title>An den International Chocolate Awards teilnehmen - International Chocolate Awards<\/title>\n<meta name=\"robots\" content=\"index, follow, max-snippet:-1, max-image-preview:large, max-video-preview:-1\" \/>\n<link rel=\"canonical\" href=\"https:\/\/enter.chocolateawards.com\/enter\/\" \/>\n<meta name=\"twitter:label1\" content=\"Gesch\u00e4tzte Lesezeit\" \/>\n\t<meta name=\"twitter:data1\" content=\"1\u00a0Minute\" \/>\n<script type=\"application\/ld+json\" class=\"yoast-schema-graph\">{\"@context\":\"https:\/\/schema.org\",\"@graph\":[{\"@type\":\"WebPage\",\"@id\":\"https:\/\/enter.chocolateawards.com\/enter\/\",\"url\":\"https:\/\/enter.chocolateawards.com\/enter\/\",\"name\":\"An den International Chocolate Awards teilnehmen - International Chocolate Awards\",\"isPartOf\":{\"@id\":\"https:\/\/enter.chocolateawards.com\/it\/#website\"},\"datePublished\":\"2013-01-06T17:38:33+00:00\",\"dateModified\":\"2014-04-16T00:07:07+00:00\",\"inLanguage\":\"de\",\"potentialAction\":[{\"@type\":\"ReadAction\",\"target\":[\"https:\/\/enter.chocolateawards.com\/enter\/\"]}]},{\"@type\":\"WebSite\",\"@id\":\"https:\/\/enter.chocolateawards.com\/it\/#website\",\"url\":\"https:\/\/enter.chocolateawards.com\/it\/\",\"name\":\"International Chocolate Awards\",\"description\":\"Celebrating excellence and craft in fine chocolate\",\"potentialAction\":[{\"@type\":\"SearchAction\",\"target\":{\"@type\":\"EntryPoint\",\"urlTemplate\":\"https:\/\/enter.chocolateawards.com\/it\/?s={search_term_string}\"},\"query-input\":{\"@type\":\"PropertyValueSpecification\",\"valueRequired\":true,\"valueName\":\"search_term_string\"}}],\"inLanguage\":\"de\"}]}<\/script>\n<!-- \/ Yoast SEO plugin. -->","yoast_head_json":{"title":"An den International Chocolate Awards teilnehmen - International Chocolate Awards","robots":{"index":"index","follow":"follow","max-snippet":"max-snippet:-1","max-image-preview":"max-image-preview:large","max-video-preview":"max-video-preview:-1"},"canonical":"https:\/\/enter.chocolateawards.com\/enter\/","twitter_misc":{"Gesch\u00e4tzte Lesezeit":"1\u00a0Minute"},"schema":{"@context":"https:\/\/schema.org","@graph":[{"@type":"WebPage","@id":"https:\/\/enter.chocolateawards.com\/enter\/","url":"https:\/\/enter.chocolateawards.com\/enter\/","name":"An den International Chocolate Awards teilnehmen - International Chocolate Awards","isPartOf":{"@id":"https:\/\/enter.chocolateawards.com\/it\/#website"},"datePublished":"2013-01-06T17:38:33+00:00","dateModified":"2014-04-16T00:07:07+00:00","inLanguage":"de","potentialAction":[{"@type":"ReadAction","target":["https:\/\/enter.chocolateawards.com\/enter\/"]}]},{"@type":"WebSite","@id":"https:\/\/enter.chocolateawards.com\/it\/#website","url":"https:\/\/enter.chocolateawards.com\/it\/","name":"International Chocolate Awards","description":"Celebrating excellence and craft in fine chocolate","potentialAction":[{"@type":"SearchAction","target":{"@type":"EntryPoint","urlTemplate":"https:\/\/enter.chocolateawards.com\/it\/?s={search_term_string}"},"query-input":{"@type":"PropertyValueSpecification","valueRequired":true,"valueName":"search_term_string"}}],"inLanguage":"de"}]}},"_links":{"self":[{"href":"https:\/\/enter.chocolateawards.com\/de\/wp-json\/wp\/v2\/pages\/3271","targetHints":{"allow":["GET"]}}],"collection":[{"href":"https:\/\/enter.chocolateawards.com\/de\/wp-json\/wp\/v2\/pages"}],"about":[{"href":"https:\/\/enter.chocolateawards.com\/de\/wp-json\/wp\/v2\/types\/page"}],"author":[{"embeddable":true,"href":"https:\/\/enter.chocolateawards.com\/de\/wp-json\/wp\/v2\/users\/1"}],"replies":[{"embeddable":true,"href":"https:\/\/enter.chocolateawards.com\/de\/wp-json\/wp\/v2\/comments?post=3271"}],"version-history":[{"count":6,"href":"https:\/\/enter.chocolateawards.com\/de\/wp-json\/wp\/v2\/pages\/3271\/revisions"}],"predecessor-version":[{"id":5331,"href":"https:\/\/enter.chocolateawards.com\/de\/wp-json\/wp\/v2\/pages\/3271\/revisions\/5331"}],"wp:attachment":[{"href":"https:\/\/enter.chocolateawards.com\/de\/wp-json\/wp\/v2\/media?parent=3271"}],"curies":[{"name":"wp","href":"https:\/\/api.w.org\/{rel}","templated":true}]}}