{"id":3340,"date":"2012-01-14T11:43:39","date_gmt":"2012-01-14T11:43:39","guid":{"rendered":"http:\/\/www.internationalchocolateawards.com\/home-2\/"},"modified":"2015-08-23T13:59:07","modified_gmt":"2015-08-23T13:59:07","slug":"home","status":"publish","type":"page","link":"https:\/\/enter.chocolateawards.com\/de\/","title":{"rendered":"Home"},"content":{"rendered":"[blockquote]Die \u201eInternational Chocolate Awards\u201c sind ein unabh\u00e4ngiger Wettbewerb, der die Spitzenleistung bei der Herstellung von guter Schokolade und allen Produkten, die daraus hergestellt werden, w\u00fcrdigt und anerkennt. Als einziger weltweiter, unabh\u00e4ngiger Wettbewerb setzen wir uns zum Ziel Firmen und Chocolatiers, kleine Firmen und handwerklich arbeitende Betriebe zu unterst\u00fctzen, die herausragende Schokolade herstellen und verarbeiten. Im dem wir diese kleinen Hersteller unterst\u00fctzen, unterst\u00fctzen wir gleichzeitig die Kakaobauern, die hochwertigen Kakao anbauen.[\/blockquote]\n<div class=\"info_box info_box1 info\"><div class=\"title_box\"><h4><\/h4><\/div><div class=\"content_box\">Alle Wettbewerbe und die Teilnahmeseite finden Sie unter Wettbewerbe (<a title=\"Enter competition\" href=\"https:\/\/www.internationalchocolateawards.com\/de\/enter\/\">Enter<\/a>).<\/div><\/div>\n","protected":false},"excerpt":{"rendered":"<p>[blockquote]Die \u201eInternational Chocolate Awards\u201c sind ein unabh\u00e4ngiger Wettbewerb, der die Spitzenleistung bei der Herstellung von guter Schokolade und allen Produkten, die daraus hergestellt werden, w\u00fcrdigt und anerkennt. Als einziger weltweiter, unabh\u00e4ngiger Wettbewerb setzen wir uns zum Ziel Firmen und Chocolatiers, kleine Firmen und handwerklich arbeitende Betriebe zu unterst\u00fctzen, die herausragende Schokolade herstellen und verarbeiten. Im [&hellip;]<\/p>\n","protected":false},"author":1,"featured_media":21862,"parent":0,"menu_order":0,"comment_status":"open","ping_status":"open","template":"elementor_header_footer","meta":{"footnotes":""},"class_list":["post-3340","page","type-page","status-publish","has-post-thumbnail","hentry"],"yoast_head":"<!-- This site is optimized with the Yoast SEO plugin v24.1 - https:\/\/yoast.com\/wordpress\/plugins\/seo\/ -->\n<title>Home - International Chocolate Awards<\/title>\n<meta name=\"robots\" content=\"index, follow, max-snippet:-1, max-image-preview:large, max-video-preview:-1\" \/>\n<link rel=\"canonical\" href=\"https:\/\/enter.chocolateawards.com\/de\/\" \/>\n<script type=\"application\/ld+json\" class=\"yoast-schema-graph\">{\"@context\":\"https:\/\/schema.org\",\"@graph\":[{\"@type\":\"WebPage\",\"@id\":\"https:\/\/enter.chocolateawards.com\/de\/\",\"url\":\"https:\/\/enter.chocolateawards.com\/de\/\",\"name\":\"Home - International Chocolate Awards\",\"isPartOf\":{\"@id\":\"https:\/\/enter.chocolateawards.com\/it\/#website\"},\"primaryImageOfPage\":{\"@id\":\"https:\/\/enter.chocolateawards.com\/de\/#primaryimage\"},\"image\":{\"@id\":\"https:\/\/enter.chocolateawards.com\/de\/#primaryimage\"},\"thumbnailUrl\":\"https:\/\/enter.chocolateawards.com\/wp-content\/uploads\/2015\/04\/New-York-Square.jpg\",\"datePublished\":\"2012-01-14T11:43:39+00:00\",\"dateModified\":\"2015-08-23T13:59:07+00:00\",\"inLanguage\":\"de\",\"potentialAction\":[{\"@type\":\"ReadAction\",\"target\":[\"https:\/\/enter.chocolateawards.com\/de\/\"]}]},{\"@type\":\"ImageObject\",\"inLanguage\":\"de\",\"@id\":\"https:\/\/enter.chocolateawards.com\/de\/#primaryimage\",\"url\":\"https:\/\/enter.chocolateawards.com\/wp-content\/uploads\/2015\/04\/New-York-Square.jpg\",\"contentUrl\":\"https:\/\/enter.chocolateawards.com\/wp-content\/uploads\/2015\/04\/New-York-Square.jpg\",\"width\":400,\"height\":400},{\"@type\":\"WebSite\",\"@id\":\"https:\/\/enter.chocolateawards.com\/it\/#website\",\"url\":\"https:\/\/enter.chocolateawards.com\/it\/\",\"name\":\"International Chocolate Awards\",\"description\":\"Celebrating excellence and craft in fine chocolate\",\"potentialAction\":[{\"@type\":\"SearchAction\",\"target\":{\"@type\":\"EntryPoint\",\"urlTemplate\":\"https:\/\/enter.chocolateawards.com\/it\/?s={search_term_string}\"},\"query-input\":{\"@type\":\"PropertyValueSpecification\",\"valueRequired\":true,\"valueName\":\"search_term_string\"}}],\"inLanguage\":\"de\"}]}<\/script>\n<!-- \/ Yoast SEO plugin. -->","yoast_head_json":{"title":"Home - International Chocolate Awards","robots":{"index":"index","follow":"follow","max-snippet":"max-snippet:-1","max-image-preview":"max-image-preview:large","max-video-preview":"max-video-preview:-1"},"canonical":"https:\/\/enter.chocolateawards.com\/de\/","schema":{"@context":"https:\/\/schema.org","@graph":[{"@type":"WebPage","@id":"https:\/\/enter.chocolateawards.com\/de\/","url":"https:\/\/enter.chocolateawards.com\/de\/","name":"Home - International Chocolate Awards","isPartOf":{"@id":"https:\/\/enter.chocolateawards.com\/it\/#website"},"primaryImageOfPage":{"@id":"https:\/\/enter.chocolateawards.com\/de\/#primaryimage"},"image":{"@id":"https:\/\/enter.chocolateawards.com\/de\/#primaryimage"},"thumbnailUrl":"https:\/\/enter.chocolateawards.com\/wp-content\/uploads\/2015\/04\/New-York-Square.jpg","datePublished":"2012-01-14T11:43:39+00:00","dateModified":"2015-08-23T13:59:07+00:00","inLanguage":"de","potentialAction":[{"@type":"ReadAction","target":["https:\/\/enter.chocolateawards.com\/de\/"]}]},{"@type":"ImageObject","inLanguage":"de","@id":"https:\/\/enter.chocolateawards.com\/de\/#primaryimage","url":"https:\/\/enter.chocolateawards.com\/wp-content\/uploads\/2015\/04\/New-York-Square.jpg","contentUrl":"https:\/\/enter.chocolateawards.com\/wp-content\/uploads\/2015\/04\/New-York-Square.jpg","width":400,"height":400},{"@type":"WebSite","@id":"https:\/\/enter.chocolateawards.com\/it\/#website","url":"https:\/\/enter.chocolateawards.com\/it\/","name":"International Chocolate Awards","description":"Celebrating excellence and craft in fine chocolate","potentialAction":[{"@type":"SearchAction","target":{"@type":"EntryPoint","urlTemplate":"https:\/\/enter.chocolateawards.com\/it\/?s={search_term_string}"},"query-input":{"@type":"PropertyValueSpecification","valueRequired":true,"valueName":"search_term_string"}}],"inLanguage":"de"}]}},"_links":{"self":[{"href":"https:\/\/enter.chocolateawards.com\/de\/wp-json\/wp\/v2\/pages\/3340","targetHints":{"allow":["GET"]}}],"collection":[{"href":"https:\/\/enter.chocolateawards.com\/de\/wp-json\/wp\/v2\/pages"}],"about":[{"href":"https:\/\/enter.chocolateawards.com\/de\/wp-json\/wp\/v2\/types\/page"}],"author":[{"embeddable":true,"href":"https:\/\/enter.chocolateawards.com\/de\/wp-json\/wp\/v2\/users\/1"}],"replies":[{"embeddable":true,"href":"https:\/\/enter.chocolateawards.com\/de\/wp-json\/wp\/v2\/comments?post=3340"}],"version-history":[{"count":17,"href":"https:\/\/enter.chocolateawards.com\/de\/wp-json\/wp\/v2\/pages\/3340\/revisions"}],"predecessor-version":[{"id":6412,"href":"https:\/\/enter.chocolateawards.com\/de\/wp-json\/wp\/v2\/pages\/3340\/revisions\/6412"}],"wp:featuredmedia":[{"embeddable":true,"href":"https:\/\/enter.chocolateawards.com\/de\/wp-json\/wp\/v2\/media\/21862"}],"wp:attachment":[{"href":"https:\/\/enter.chocolateawards.com\/de\/wp-json\/wp\/v2\/media?parent=3340"}],"curies":[{"name":"wp","href":"https:\/\/api.w.org\/{rel}","templated":true}]}}