{"id":4546,"date":"2012-01-14T11:43:39","date_gmt":"2012-01-14T11:43:39","guid":{"rendered":"http:\/\/www.internationalchocolateawards.com\/home-2\/"},"modified":"2015-08-23T13:59:31","modified_gmt":"2015-08-23T13:59:31","slug":"home","status":"publish","type":"page","link":"https:\/\/enter.chocolateawards.com\/es\/","title":{"rendered":"Home"},"content":{"rendered":"[blockquote]Los Premios Internacionales del Chocolate son una competici\u00f3n independiente que reconoce la excelencia en la fabricaci\u00f3n de chocolate fino y en los productos elaborados con chocolate fino. Como \u00fanica competici\u00f3n mundial de chocolater\u00eda fina totalmente independiente, nuestro objetivo es apoyar a las empresas productoras de chocolate fino y chocolateros y peque\u00f1as empresas y artesanos que trabajan con chocolate fino. Al ayudar a estos mercados a crecer y desarrollarse, tambi\u00e9n tenemos como objetivo apoyar a los agricultores que cultivan cacao fino.[\/blockquote]\n<div class=\"info_box info_box1 info\"><div class=\"title_box\"><h4><\/h4><\/div><div class=\"content_box\">Para nuestros concursos actuales y para entrar en los premios, visite nuestro sitio de <a title=\"Enter competition\" href=\"\/?page_id=1396\">Enter<\/a>.<\/div><\/div>\n","protected":false},"excerpt":{"rendered":"<p>[blockquote]Los Premios Internacionales del Chocolate son una competici\u00f3n independiente que reconoce la excelencia en la fabricaci\u00f3n de chocolate fino y en los productos elaborados con chocolate fino. Como \u00fanica competici\u00f3n mundial de chocolater\u00eda fina totalmente independiente, nuestro objetivo es apoyar a las empresas productoras de chocolate fino y chocolateros y peque\u00f1as empresas y artesanos que [&hellip;]<\/p>\n","protected":false},"author":1,"featured_media":21864,"parent":0,"menu_order":0,"comment_status":"open","ping_status":"open","template":"elementor_header_footer","meta":{"footnotes":""},"class_list":["post-4546","page","type-page","status-publish","has-post-thumbnail","hentry"],"yoast_head":"<!-- This site is optimized with the Yoast SEO plugin v24.1 - https:\/\/yoast.com\/wordpress\/plugins\/seo\/ -->\n<title>Home - International Chocolate Awards<\/title>\n<meta name=\"robots\" content=\"index, follow, max-snippet:-1, max-image-preview:large, max-video-preview:-1\" \/>\n<link rel=\"canonical\" href=\"https:\/\/enter.chocolateawards.com\/es\/\" \/>\n<meta name=\"twitter:label1\" content=\"Tiempo de lectura\" \/>\n\t<meta name=\"twitter:data1\" content=\"1 minuto\" \/>\n<script type=\"application\/ld+json\" class=\"yoast-schema-graph\">{\"@context\":\"https:\/\/schema.org\",\"@graph\":[{\"@type\":\"WebPage\",\"@id\":\"https:\/\/enter.chocolateawards.com\/es\/\",\"url\":\"https:\/\/enter.chocolateawards.com\/es\/\",\"name\":\"Home - International Chocolate Awards\",\"isPartOf\":{\"@id\":\"https:\/\/enter.chocolateawards.com\/it\/#website\"},\"primaryImageOfPage\":{\"@id\":\"https:\/\/enter.chocolateawards.com\/es\/#primaryimage\"},\"image\":{\"@id\":\"https:\/\/enter.chocolateawards.com\/es\/#primaryimage\"},\"thumbnailUrl\":\"https:\/\/enter.chocolateawards.com\/wp-content\/uploads\/2015\/04\/New-York-Square.jpg\",\"datePublished\":\"2012-01-14T11:43:39+00:00\",\"dateModified\":\"2015-08-23T13:59:31+00:00\",\"inLanguage\":\"es\",\"potentialAction\":[{\"@type\":\"ReadAction\",\"target\":[\"https:\/\/enter.chocolateawards.com\/es\/\"]}]},{\"@type\":\"ImageObject\",\"inLanguage\":\"es\",\"@id\":\"https:\/\/enter.chocolateawards.com\/es\/#primaryimage\",\"url\":\"https:\/\/enter.chocolateawards.com\/wp-content\/uploads\/2015\/04\/New-York-Square.jpg\",\"contentUrl\":\"https:\/\/enter.chocolateawards.com\/wp-content\/uploads\/2015\/04\/New-York-Square.jpg\",\"width\":400,\"height\":400},{\"@type\":\"WebSite\",\"@id\":\"https:\/\/enter.chocolateawards.com\/it\/#website\",\"url\":\"https:\/\/enter.chocolateawards.com\/it\/\",\"name\":\"International Chocolate Awards\",\"description\":\"Celebrating excellence and craft in fine chocolate\",\"potentialAction\":[{\"@type\":\"SearchAction\",\"target\":{\"@type\":\"EntryPoint\",\"urlTemplate\":\"https:\/\/enter.chocolateawards.com\/it\/?s={search_term_string}\"},\"query-input\":{\"@type\":\"PropertyValueSpecification\",\"valueRequired\":true,\"valueName\":\"search_term_string\"}}],\"inLanguage\":\"es\"}]}<\/script>\n<!-- \/ Yoast SEO plugin. -->","yoast_head_json":{"title":"Home - International Chocolate Awards","robots":{"index":"index","follow":"follow","max-snippet":"max-snippet:-1","max-image-preview":"max-image-preview:large","max-video-preview":"max-video-preview:-1"},"canonical":"https:\/\/enter.chocolateawards.com\/es\/","twitter_misc":{"Tiempo de lectura":"1 minuto"},"schema":{"@context":"https:\/\/schema.org","@graph":[{"@type":"WebPage","@id":"https:\/\/enter.chocolateawards.com\/es\/","url":"https:\/\/enter.chocolateawards.com\/es\/","name":"Home - International Chocolate Awards","isPartOf":{"@id":"https:\/\/enter.chocolateawards.com\/it\/#website"},"primaryImageOfPage":{"@id":"https:\/\/enter.chocolateawards.com\/es\/#primaryimage"},"image":{"@id":"https:\/\/enter.chocolateawards.com\/es\/#primaryimage"},"thumbnailUrl":"https:\/\/enter.chocolateawards.com\/wp-content\/uploads\/2015\/04\/New-York-Square.jpg","datePublished":"2012-01-14T11:43:39+00:00","dateModified":"2015-08-23T13:59:31+00:00","inLanguage":"es","potentialAction":[{"@type":"ReadAction","target":["https:\/\/enter.chocolateawards.com\/es\/"]}]},{"@type":"ImageObject","inLanguage":"es","@id":"https:\/\/enter.chocolateawards.com\/es\/#primaryimage","url":"https:\/\/enter.chocolateawards.com\/wp-content\/uploads\/2015\/04\/New-York-Square.jpg","contentUrl":"https:\/\/enter.chocolateawards.com\/wp-content\/uploads\/2015\/04\/New-York-Square.jpg","width":400,"height":400},{"@type":"WebSite","@id":"https:\/\/enter.chocolateawards.com\/it\/#website","url":"https:\/\/enter.chocolateawards.com\/it\/","name":"International Chocolate Awards","description":"Celebrating excellence and craft in fine chocolate","potentialAction":[{"@type":"SearchAction","target":{"@type":"EntryPoint","urlTemplate":"https:\/\/enter.chocolateawards.com\/it\/?s={search_term_string}"},"query-input":{"@type":"PropertyValueSpecification","valueRequired":true,"valueName":"search_term_string"}}],"inLanguage":"es"}]}},"_links":{"self":[{"href":"https:\/\/enter.chocolateawards.com\/es\/wp-json\/wp\/v2\/pages\/4546","targetHints":{"allow":["GET"]}}],"collection":[{"href":"https:\/\/enter.chocolateawards.com\/es\/wp-json\/wp\/v2\/pages"}],"about":[{"href":"https:\/\/enter.chocolateawards.com\/es\/wp-json\/wp\/v2\/types\/page"}],"author":[{"embeddable":true,"href":"https:\/\/enter.chocolateawards.com\/es\/wp-json\/wp\/v2\/users\/1"}],"replies":[{"embeddable":true,"href":"https:\/\/enter.chocolateawards.com\/es\/wp-json\/wp\/v2\/comments?post=4546"}],"version-history":[{"count":22,"href":"https:\/\/enter.chocolateawards.com\/es\/wp-json\/wp\/v2\/pages\/4546\/revisions"}],"predecessor-version":[{"id":6414,"href":"https:\/\/enter.chocolateawards.com\/es\/wp-json\/wp\/v2\/pages\/4546\/revisions\/6414"}],"wp:featuredmedia":[{"embeddable":true,"href":"https:\/\/enter.chocolateawards.com\/es\/wp-json\/wp\/v2\/media\/21864"}],"wp:attachment":[{"href":"https:\/\/enter.chocolateawards.com\/es\/wp-json\/wp\/v2\/media?parent=4546"}],"curies":[{"name":"wp","href":"https:\/\/api.w.org\/{rel}","templated":true}]}}