{"id":4613,"date":"2013-01-06T17:38:33","date_gmt":"2013-01-06T17:38:33","guid":{"rendered":"http:\/\/www.internationalchocolateawards.com\/enter-2\/"},"modified":"2020-03-07T22:06:48","modified_gmt":"2020-03-07T22:06:48","slug":"enter","status":"publish","type":"page","link":"https:\/\/enter.chocolateawards.com\/es\/enter\/","title":{"rendered":"Acceda al International Chocolate Awards"},"content":{"rendered":"<p>El International Chocolate Awards est\u00e1 abierto a empresas o individuos que elaboran chocolate fino y productos de chocolate fino para la venta comercial en cualquier lugar del mundo. Los productos deben estar disponibles para la venta al por menor en el a\u00f1o del concurso actual. Por favor, consulte las competiciones individuales para la regi\u00f3n o competiciones nacionales en las que debe registrarse.<\/p>\n<h3>Reglas y categor\u00edas<\/h3>\n<p>Los detalles completos de la competici\u00f3n, las categor\u00edas y reglas para todas las competiciones se pueden descargar aqu\u00ed (PDF): <a href=\"https:\/\/www.internationalchocolateawards.com\/wp-content\/uploads\/2020\/02\/International-Chocolate-Awards-Categorias-y-Reglas-2020-ES.pdf\" target=\"_blank\">International Chocolate Awards &#8211; Categor\u00edas y reglas<\/a>.<\/p>\n<p>Si usted tiene alguna pregunta acerca de la competici\u00f3n o como participar, por favor p\u00f3ngase en contacto mediante nuestro <a title=\"Contact\" href=\"https:\/\/www.internationalchocolateawards.com\/about\/contact\/\">formulario de contacto<\/a>.<\/p>\n<h2>Competiciones actuales<\/h2>\n<hr class=\"dotted\">\n<h5><strong>European, Middle Eastern and African Bean-to-Bar Competition &#8211; 2026<br \/>\n<\/strong><\/h5>\n<p><em>Bucharest, Romania, abril 8, 2026 &#8211; abril 25, 2026<\/em><\/p>\n<p><strong>Fecha l\u00edmite<\/strong>: marzo 23, 2026 &#8211; <strong>Las muestras requeridas para<\/strong>: marzo 24, 2026<\/p>\n<hr class=\"dotted\">\n<h5><strong>British Craft Chocolate Competition &#8211; 2026<br \/>\n<\/strong><\/h5>\n<p><em>London, United Kingdom, abril 8, 2026 &#8211; abril 25, 2026<\/em><\/p>\n<p><strong>Fecha l\u00edmite<\/strong>: marzo 23, 2026 &#8211; <strong>Las muestras requeridas para<\/strong>: marzo 24, 2026<\/p>\n<hr class=\"dotted\">\n<h5><strong>Canadian Craft Chocolate Competition &#8211; 2026<br \/>\n<\/strong><\/h5>\n<p><em>Toronto, Canada, abril 9, 2026 &#8211; mayo 8, 2026<\/em><\/p>\n<p><strong>Fecha l\u00edmite<\/strong>: marzo 16, 2026 &#8211; <strong>Las muestras requeridas para<\/strong>: marzo 16, 2026<\/p>\n<hr class=\"dotted\">\n<h5><strong>Americas Craft Chocolate Competition \u2013 USA &#8211; 2026<br \/>\n<\/strong><\/h5>\n<p><em>New York, United States, abril 9, 2026 &#8211; mayo 8, 2026<\/em><\/p>\n<p><strong>Fecha l\u00edmite<\/strong>: marzo 16, 2026 &#8211; <strong>Las muestras requeridas para<\/strong>: marzo 16, 2026<\/p>\n<hr class=\"dotted\">\n<h5><strong>Americas Craft Chocolate Competition \u2013 Latin America and the Caribbean &#8211; 2026<br \/>\n<\/strong><\/h5>\n<p><em>New York, United States, abril 9, 2026 &#8211; mayo 8, 2026<\/em><\/p>\n<p><strong>Fecha l\u00edmite<\/strong>: marzo 16, 2026 &#8211; <strong>Las muestras requeridas para<\/strong>: marzo 16, 2026<\/p>\n<hr class=\"dotted\">\n<h5><strong>French &#8211; Benelux Chocolatier Competition &#8211; 2026<br \/>\n<\/strong><\/h5>\n<p><em>Bordeaux, France, abril 30, 2026 &#8211; mayo 1, 2026<\/em><\/p>\n<p><strong>Fecha l\u00edmite<\/strong>: abril 27, 2026 &#8211; <strong>Las muestras requeridas para<\/strong>: abril 29, 2026<\/p>\n<p>ABIERTO PARA INSCRIPCIONES.<\/p>\n<p><strong><a href=\"\/es\/competition-info?comp_id=374193\">Participar en este concurso o averiguar m\u00e1s<\/a><\/strong><\/p>\n<hr class=\"dotted\">\n<h5><strong>Scandinavian Chocolatier Competition &#8211; 2026<br \/>\n<\/strong><\/h5>\n<p><em>Bordeaux, France, abril 30, 2026 &#8211; mayo 1, 2026<\/em><\/p>\n<p><strong>Fecha l\u00edmite<\/strong>: abril 27, 2026 &#8211; <strong>Las muestras requeridas para<\/strong>: abril 29, 2026<\/p>\n<p>ABIERTO PARA INSCRIPCIONES.<\/p>\n<p><strong><a href=\"\/es\/competition-info?comp_id=382136\">Participar en este concurso o averiguar m\u00e1s<\/a><\/strong><\/p>\n<hr class=\"dotted\">\n<h5><strong>Indian Craft Chocolate Competition &#8211; 2026<br \/>\n<\/strong><\/h5>\n<p><em>Bangalore, India, mayo 10, 2026 &#8211; mayo 30, 2026<\/em><\/p>\n<p><strong>Fecha l\u00edmite<\/strong>: abril 15, 2026 &#8211; <strong>Las muestras requeridas para<\/strong>: abril 15, 2026<\/p>\n<hr class=\"dotted\">\n<h5><strong>11\u00ba Concurso de Chocolate Peruano &#8211; 2026<br \/>\n<\/strong><\/h5>\n<p><em>Lima, Peru, mayo 27, 2026 &#8211; junio 23, 2026<\/em><\/p>\n<p><strong>Fecha l\u00edmite<\/strong>: mayo 9, 2026 &#8211; <strong>Las muestras requeridas para<\/strong>: mayo 11, 2026<\/p>\n<p>ABIERTO PARA INSCRIPCIONES.<\/p>\n<p><strong><a href=\"\/es\/competition-info?comp_id=374205\">Participar en este concurso o averiguar m\u00e1s<\/a><\/strong><\/p>\n<hr class=\"dotted\">\n\n<hr class=\"dotted\">\n<h2>Competiciones anteriores<\/h2>\n<h5><strong>World Craft Drinking Chocolate Competition &#8211; 2026<br \/>\n<\/strong><\/h5>\n<p><em>Rimini, Italy, enero 9, 2026 &#8211; enero 12, 2026<\/em><\/p>\n<p><strong>Fecha l\u00edmite<\/strong>: diciembre 17, 2025 &#8211; <strong>Las muestras requeridas para<\/strong>: diciembre 19, 2025<\/p>\n<hr class=\"dotted\">\n<h5><strong>DACH &#8211; Deutschland \/ \u00d6sterreich \/ Schweiz Wettbewerb Craft Chocolatier Competition &#8211; 2026<br \/>\n<\/strong><\/h5>\n<p><em>Vienna, Austria, enero 22, 2026 &#8211; enero 23, 2026<\/em><\/p>\n<p><strong>Fecha l\u00edmite<\/strong>: enero 21, 2026 &#8211; <strong>Las muestras requeridas para<\/strong>: enero 21, 2026<\/p>\n<hr class=\"dotted\">\n<h5><strong>Eastern European Craft Chocolatier Competition &#8211; 2026<br \/>\n<\/strong><\/h5>\n<p><em>Vienna, Austria, enero 22, 2026 &#8211; enero 23, 2026<\/em><\/p>\n<p><strong>Fecha l\u00edmite<\/strong>: enero 21, 2026 &#8211; <strong>Las muestras requeridas para<\/strong>: enero 21, 2026<\/p>\n<hr class=\"dotted\">\n<h5><strong>Italian\/Mediterranean Craft Chocolatier Competition &#8211; 2026<br \/>\n<\/strong><\/h5>\n<p><em>Florence, Italy, febrero 28, 2026 &#8211; marzo 3, 2026<\/em><\/p>\n<p><strong>Fecha l\u00edmite<\/strong>: febrero 26, 2026 &#8211; <strong>Las muestras requeridas para<\/strong>: febrero 26, 2026<\/p>\n<hr class=\"dotted\">\n<h5><strong>Asia-Pacific Bean-to-Bar and Craft Chocolatier Competition &#8211; 2026<br \/>\n<\/strong><\/h5>\n<p><em>Hong Kong, Hong Kong, marzo 9, 2026 &#8211; abril 2, 2026<\/em><\/p>\n<p><strong>Fecha l\u00edmite<\/strong>: febrero 27, 2026 &#8211; <strong>Las muestras requeridas para<\/strong>: marzo 3, 2026<\/p>\n<hr class=\"dotted\">\n<h5><strong>British Craft Chocolate Competition &#8211; 2026<br \/>\n<\/strong><\/h5>\n<p><em>London, United Kingdom, abril 8, 2026 &#8211; abril 25, 2026<\/em><\/p>\n<p><strong>Fecha l\u00edmite<\/strong>: marzo 23, 2026 &#8211; <strong>Las muestras requeridas para<\/strong>: marzo 24, 2026<\/p>\n<hr class=\"dotted\">\n\n","protected":false},"excerpt":{"rendered":"<p>El International Chocolate Awards est\u00e1 abierto a empresas o individuos que elaboran chocolate fino y productos de chocolate fino para la venta comercial en cualquier lugar del mundo. Los productos deben estar disponibles para la venta al por menor en el a\u00f1o del concurso actual. Por favor, consulte las competiciones individuales para la regi\u00f3n o [&hellip;]<\/p>\n","protected":false},"author":1,"featured_media":0,"parent":0,"menu_order":0,"comment_status":"closed","ping_status":"open","template":"page-right-sidebar.php","meta":{"footnotes":""},"class_list":["post-4613","page","type-page","status-publish","hentry"],"yoast_head":"<!-- This site is optimized with the Yoast SEO plugin v24.1 - https:\/\/yoast.com\/wordpress\/plugins\/seo\/ -->\n<title>Acceda al International Chocolate Awards - International Chocolate Awards<\/title>\n<meta name=\"robots\" content=\"index, follow, max-snippet:-1, max-image-preview:large, max-video-preview:-1\" \/>\n<link rel=\"canonical\" href=\"https:\/\/enter.chocolateawards.com\/es\/enter\/\" \/>\n<meta name=\"twitter:label1\" content=\"Tiempo de lectura\" \/>\n\t<meta name=\"twitter:data1\" content=\"1 minuto\" \/>\n<script type=\"application\/ld+json\" class=\"yoast-schema-graph\">{\"@context\":\"https:\/\/schema.org\",\"@graph\":[{\"@type\":\"WebPage\",\"@id\":\"https:\/\/enter.chocolateawards.com\/es\/enter\/\",\"url\":\"https:\/\/enter.chocolateawards.com\/es\/enter\/\",\"name\":\"Acceda al International Chocolate Awards - International Chocolate Awards\",\"isPartOf\":{\"@id\":\"https:\/\/enter.chocolateawards.com\/it\/#website\"},\"datePublished\":\"2013-01-06T17:38:33+00:00\",\"dateModified\":\"2020-03-07T22:06:48+00:00\",\"inLanguage\":\"es\",\"potentialAction\":[{\"@type\":\"ReadAction\",\"target\":[\"https:\/\/enter.chocolateawards.com\/es\/enter\/\"]}]},{\"@type\":\"WebSite\",\"@id\":\"https:\/\/enter.chocolateawards.com\/it\/#website\",\"url\":\"https:\/\/enter.chocolateawards.com\/it\/\",\"name\":\"International Chocolate Awards\",\"description\":\"Celebrating excellence and craft in fine chocolate\",\"potentialAction\":[{\"@type\":\"SearchAction\",\"target\":{\"@type\":\"EntryPoint\",\"urlTemplate\":\"https:\/\/enter.chocolateawards.com\/it\/?s={search_term_string}\"},\"query-input\":{\"@type\":\"PropertyValueSpecification\",\"valueRequired\":true,\"valueName\":\"search_term_string\"}}],\"inLanguage\":\"es\"}]}<\/script>\n<!-- \/ Yoast SEO plugin. -->","yoast_head_json":{"title":"Acceda al International Chocolate Awards - International Chocolate Awards","robots":{"index":"index","follow":"follow","max-snippet":"max-snippet:-1","max-image-preview":"max-image-preview:large","max-video-preview":"max-video-preview:-1"},"canonical":"https:\/\/enter.chocolateawards.com\/es\/enter\/","twitter_misc":{"Tiempo de lectura":"1 minuto"},"schema":{"@context":"https:\/\/schema.org","@graph":[{"@type":"WebPage","@id":"https:\/\/enter.chocolateawards.com\/es\/enter\/","url":"https:\/\/enter.chocolateawards.com\/es\/enter\/","name":"Acceda al International Chocolate Awards - International Chocolate Awards","isPartOf":{"@id":"https:\/\/enter.chocolateawards.com\/it\/#website"},"datePublished":"2013-01-06T17:38:33+00:00","dateModified":"2020-03-07T22:06:48+00:00","inLanguage":"es","potentialAction":[{"@type":"ReadAction","target":["https:\/\/enter.chocolateawards.com\/es\/enter\/"]}]},{"@type":"WebSite","@id":"https:\/\/enter.chocolateawards.com\/it\/#website","url":"https:\/\/enter.chocolateawards.com\/it\/","name":"International Chocolate Awards","description":"Celebrating excellence and craft in fine chocolate","potentialAction":[{"@type":"SearchAction","target":{"@type":"EntryPoint","urlTemplate":"https:\/\/enter.chocolateawards.com\/it\/?s={search_term_string}"},"query-input":{"@type":"PropertyValueSpecification","valueRequired":true,"valueName":"search_term_string"}}],"inLanguage":"es"}]}},"_links":{"self":[{"href":"https:\/\/enter.chocolateawards.com\/es\/wp-json\/wp\/v2\/pages\/4613","targetHints":{"allow":["GET"]}}],"collection":[{"href":"https:\/\/enter.chocolateawards.com\/es\/wp-json\/wp\/v2\/pages"}],"about":[{"href":"https:\/\/enter.chocolateawards.com\/es\/wp-json\/wp\/v2\/types\/page"}],"author":[{"embeddable":true,"href":"https:\/\/enter.chocolateawards.com\/es\/wp-json\/wp\/v2\/users\/1"}],"replies":[{"embeddable":true,"href":"https:\/\/enter.chocolateawards.com\/es\/wp-json\/wp\/v2\/comments?post=4613"}],"version-history":[{"count":8,"href":"https:\/\/enter.chocolateawards.com\/es\/wp-json\/wp\/v2\/pages\/4613\/revisions"}],"predecessor-version":[{"id":11451,"href":"https:\/\/enter.chocolateawards.com\/es\/wp-json\/wp\/v2\/pages\/4613\/revisions\/11451"}],"wp:attachment":[{"href":"https:\/\/enter.chocolateawards.com\/es\/wp-json\/wp\/v2\/media?parent=4613"}],"curies":[{"name":"wp","href":"https:\/\/api.w.org\/{rel}","templated":true}]}}