{"id":4631,"date":"2013-01-06T18:14:29","date_gmt":"2013-01-06T18:14:29","guid":{"rendered":"http:\/\/www.internationalchocolateawards.com\/competition-info-2\/"},"modified":"2017-05-25T11:35:14","modified_gmt":"2017-05-25T11:35:14","slug":"competition-info","status":"publish","type":"page","link":"https:\/\/enter.chocolateawards.com\/es\/competition-info\/","title":{"rendered":"Informaci\u00f3n Competici\u00f3n"},"content":{"rendered":"<p><a href=\"https:\/\/www.internationalchocolateawards.com\/es\/enter\/\">Volver a todas las competiciones<\/a><\/p>\n<p>&nbsp;<\/p>\n<div id=\"competition-info\">\n<h2>Israeli National Competition, 2013<\/h2>\n<p><strong>Ubicaci\u00f3n<\/strong>: Jaffa, Israel<br \/>\n<strong>Fechas de evaluaci\u00f3n:<\/strong>: febrero 7, 2013 &#8211; febrero 10, 2013<br \/>\n<strong>Pa\u00edses elegibles:<\/strong>: Israel<\/p>\n<p>COMPETITION ARCHIVED.<\/p>\n<hr class=\"thin\" \/>\n<p>The first Israeli National competition will be held in Jaffa 7-10 February as part of the first <a href=\"http:\/\/www.chocolateweek.co.il\" target=\"_blank\">Israeli Chocolate Week<\/a>. Winners will qualify for the World Final in London in October 2013.<\/p>\n<hr class=\"thin\" \/>\n<h3>Elegibilidad<\/h3>\n<p>This competition is open to companies based in Israel only. Other European, Middle Eastern or Asian companies may enter the European Semi-final in London in April.<\/p>\n<p>Esta es una competici\u00f3n nacional \/ regional para todas las categor\u00edas, excepto Barras Negras sin Saborizar Simple\/Origen, barras con leche y barras blancas. Estas categor\u00edas son evaluadas en la competici\u00f3n semi-final, celebrada en United Kingdom.<\/p>\n<p>El precio de admisi\u00f3n para esta competici\u00f3n es <strong>ILS \u20aa215<\/strong> y la cuota para cada inscripci\u00f3n es <strong>ILS \u20aa155<\/strong>. Los precios ser\u00e1n convertidos a moneda local por su compa\u00f1\u00eda de tarjeta de cr\u00e9dito, si es necesario.<\/p>\n<hr class=\"thin\" \/>\n<div class=\"spcy-col-container\"><div class=\"one_half\">\n<h4>Estado de la competici\u00f3n<\/h4>\n<p>A\u00fan no abierto para inscripciones. Se abrir\u00e1 en breve.<\/p>\n<\/div>\n<div class=\"one_half\">\n<h2>Info<\/h2>\n<div class=\"info_box info_box1 info\"><div class=\"title_box\"><h4>Direcci\u00f3n para muestras<\/h4><\/div><div class=\"content_box\">\n<p>\u05d3\u05df \u05d2\u05d5\u05e8\u05de\u05d4 \u05ea\u00bb\u05d0<br \/>\n\u05e0\u05e1 \u05dc\u05d2\u05d5\u05d9\u05d9\u05dd 53 \u05ea\u00bb\u05d0<br \/>\n\u05dc\u05d9\u05d3\u05d9 \u05de\u05d0\u05d9\u05d4\/ \u05d0\u05d5 \u05de\u05d9\u05db\u05dc<\/p>\n<p>Dan Gourmet Tel-Aviv,<br \/>\nC\/O Maya or Michal,<br \/>\nNes La Goyim 53,<br \/>\nTel-Aviv<\/p>\n<p>(Office hours 09:00 &#8211; 17:00)<\/p>\n<p>Phone: 03-6338236<\/p>\n<p>(Phone number is for shipping purposes only, do not use for Awards enquiries.)<\/p>\n<\/div><\/div>\n<div class=\"info_box info_box1 info\"><div class=\"title_box\"><h4>Fechas<\/h4><\/div><div class=\"content_box\">\n<p>Para asegurar que sus muestras est\u00e9n en las mejores condiciones para la competici\u00f3n por favor no las env\u00ede antes de la fecha de apertura. Para los productos frescos como ganaches, se recomienda enviar la \u00faltima semana antes de la fecha de cierre.<\/p>\n<ul>\n<li><strong>\u00daltimo d\u00eda para recibir las muestras<\/strong>:<br \/>\n&#8211; febrero 6, 2013<\/li>\n<li><strong>Fecha de cierre online:<\/strong>:<br \/>\n&#8211; febrero 4, 2013<\/li>\n<\/ul>\n<\/div><\/div>\n<div class=\"info_box info_box1 info\"><div class=\"title_box\"><h4>Cantidades de muestras<\/h4><\/div><div class=\"content_box\">\n<p>Para asegurarnos de que tenemos suficientes productos para nuestras rondas de Selecci\u00f3n, Evaluaci\u00f3n General y Gran Jurado, por favor env\u00ede las siguientes cantidades de cada producto que inscriba:<\/p>\n<ul>\n<li><strong>Barras<\/strong>: 400g (14 ounces) peso total<\/li>\n<li><strong>Rellenos\/Bombones etc<\/strong>: 40 piezas<\/li>\n<li><strong>Cremas para untar<\/strong>: 1 jar (min 300 grams\/10 ounces)<\/li>\n<li><strong>Chocolate para taza<\/strong>: <\/li>\n<\/ul>\n<\/div><\/div>\n\n<\/div><\/div>\n<hr class=\"dotted\">\n\n<\/div>\n\n","protected":false},"excerpt":{"rendered":"<p>Volver a todas las competiciones &nbsp;<\/p>\n","protected":false},"author":1,"featured_media":8030,"parent":0,"menu_order":0,"comment_status":"closed","ping_status":"open","template":"page-right-sidebar-comp.php","meta":{"footnotes":""},"class_list":["post-4631","page","type-page","status-publish","has-post-thumbnail","hentry"],"yoast_head":"<!-- This site is optimized with the Yoast SEO plugin v24.1 - https:\/\/yoast.com\/wordpress\/plugins\/seo\/ -->\n<title>Informaci\u00f3n Competici\u00f3n - International Chocolate Awards<\/title>\n<meta name=\"robots\" content=\"index, follow, max-snippet:-1, max-image-preview:large, max-video-preview:-1\" \/>\n<link rel=\"canonical\" href=\"https:\/\/enter.chocolateawards.com\/competition-info\/\" \/>\n<script type=\"application\/ld+json\" class=\"yoast-schema-graph\">{\"@context\":\"https:\/\/schema.org\",\"@graph\":[{\"@type\":\"WebPage\",\"@id\":\"https:\/\/enter.chocolateawards.com\/competition-info\/\",\"url\":\"https:\/\/enter.chocolateawards.com\/competition-info\/\",\"name\":\"Informaci\u00f3n Competici\u00f3n - International Chocolate Awards\",\"isPartOf\":{\"@id\":\"https:\/\/enter.chocolateawards.com\/it\/#website\"},\"primaryImageOfPage\":{\"@id\":\"https:\/\/enter.chocolateawards.com\/competition-info\/#primaryimage\"},\"image\":{\"@id\":\"https:\/\/enter.chocolateawards.com\/competition-info\/#primaryimage\"},\"thumbnailUrl\":\"https:\/\/enter.chocolateawards.com\/wp-content\/uploads\/2017\/03\/amsterdam-teaser.jpg\",\"datePublished\":\"2013-01-06T18:14:29+00:00\",\"dateModified\":\"2017-05-25T11:35:14+00:00\",\"inLanguage\":\"es\",\"potentialAction\":[{\"@type\":\"ReadAction\",\"target\":[\"https:\/\/enter.chocolateawards.com\/competition-info\/\"]}]},{\"@type\":\"ImageObject\",\"inLanguage\":\"es\",\"@id\":\"https:\/\/enter.chocolateawards.com\/competition-info\/#primaryimage\",\"url\":\"https:\/\/enter.chocolateawards.com\/wp-content\/uploads\/2017\/03\/amsterdam-teaser.jpg\",\"contentUrl\":\"https:\/\/enter.chocolateawards.com\/wp-content\/uploads\/2017\/03\/amsterdam-teaser.jpg\",\"width\":600,\"height\":400,\"caption\":\"Amsterdam\"},{\"@type\":\"WebSite\",\"@id\":\"https:\/\/enter.chocolateawards.com\/it\/#website\",\"url\":\"https:\/\/enter.chocolateawards.com\/it\/\",\"name\":\"International Chocolate Awards\",\"description\":\"Celebrating excellence and craft in fine chocolate\",\"potentialAction\":[{\"@type\":\"SearchAction\",\"target\":{\"@type\":\"EntryPoint\",\"urlTemplate\":\"https:\/\/enter.chocolateawards.com\/it\/?s={search_term_string}\"},\"query-input\":{\"@type\":\"PropertyValueSpecification\",\"valueRequired\":true,\"valueName\":\"search_term_string\"}}],\"inLanguage\":\"es\"}]}<\/script>\n<!-- \/ Yoast SEO plugin. -->","yoast_head_json":{"title":"Informaci\u00f3n Competici\u00f3n - International Chocolate Awards","robots":{"index":"index","follow":"follow","max-snippet":"max-snippet:-1","max-image-preview":"max-image-preview:large","max-video-preview":"max-video-preview:-1"},"canonical":"https:\/\/enter.chocolateawards.com\/competition-info\/","schema":{"@context":"https:\/\/schema.org","@graph":[{"@type":"WebPage","@id":"https:\/\/enter.chocolateawards.com\/competition-info\/","url":"https:\/\/enter.chocolateawards.com\/competition-info\/","name":"Informaci\u00f3n Competici\u00f3n - International Chocolate Awards","isPartOf":{"@id":"https:\/\/enter.chocolateawards.com\/it\/#website"},"primaryImageOfPage":{"@id":"https:\/\/enter.chocolateawards.com\/competition-info\/#primaryimage"},"image":{"@id":"https:\/\/enter.chocolateawards.com\/competition-info\/#primaryimage"},"thumbnailUrl":"https:\/\/enter.chocolateawards.com\/wp-content\/uploads\/2017\/03\/amsterdam-teaser.jpg","datePublished":"2013-01-06T18:14:29+00:00","dateModified":"2017-05-25T11:35:14+00:00","inLanguage":"es","potentialAction":[{"@type":"ReadAction","target":["https:\/\/enter.chocolateawards.com\/competition-info\/"]}]},{"@type":"ImageObject","inLanguage":"es","@id":"https:\/\/enter.chocolateawards.com\/competition-info\/#primaryimage","url":"https:\/\/enter.chocolateawards.com\/wp-content\/uploads\/2017\/03\/amsterdam-teaser.jpg","contentUrl":"https:\/\/enter.chocolateawards.com\/wp-content\/uploads\/2017\/03\/amsterdam-teaser.jpg","width":600,"height":400,"caption":"Amsterdam"},{"@type":"WebSite","@id":"https:\/\/enter.chocolateawards.com\/it\/#website","url":"https:\/\/enter.chocolateawards.com\/it\/","name":"International Chocolate Awards","description":"Celebrating excellence and craft in fine chocolate","potentialAction":[{"@type":"SearchAction","target":{"@type":"EntryPoint","urlTemplate":"https:\/\/enter.chocolateawards.com\/it\/?s={search_term_string}"},"query-input":{"@type":"PropertyValueSpecification","valueRequired":true,"valueName":"search_term_string"}}],"inLanguage":"es"}]}},"_links":{"self":[{"href":"https:\/\/enter.chocolateawards.com\/es\/wp-json\/wp\/v2\/pages\/4631","targetHints":{"allow":["GET"]}}],"collection":[{"href":"https:\/\/enter.chocolateawards.com\/es\/wp-json\/wp\/v2\/pages"}],"about":[{"href":"https:\/\/enter.chocolateawards.com\/es\/wp-json\/wp\/v2\/types\/page"}],"author":[{"embeddable":true,"href":"https:\/\/enter.chocolateawards.com\/es\/wp-json\/wp\/v2\/users\/1"}],"replies":[{"embeddable":true,"href":"https:\/\/enter.chocolateawards.com\/es\/wp-json\/wp\/v2\/comments?post=4631"}],"version-history":[{"count":1,"href":"https:\/\/enter.chocolateawards.com\/es\/wp-json\/wp\/v2\/pages\/4631\/revisions"}],"predecessor-version":[{"id":4635,"href":"https:\/\/enter.chocolateawards.com\/es\/wp-json\/wp\/v2\/pages\/4631\/revisions\/4635"}],"wp:featuredmedia":[{"embeddable":true,"href":"https:\/\/enter.chocolateawards.com\/es\/wp-json\/wp\/v2\/media\/8030"}],"wp:attachment":[{"href":"https:\/\/enter.chocolateawards.com\/es\/wp-json\/wp\/v2\/media?parent=4631"}],"curies":[{"name":"wp","href":"https:\/\/api.w.org\/{rel}","templated":true}]}}