{"id":4063,"date":"2015-01-09T14:14:03","date_gmt":"2015-01-09T14:14:03","guid":{"rendered":"http:\/\/www.internationalchocolateawards.com\/?page_id=4063"},"modified":"2020-03-07T22:07:21","modified_gmt":"2020-03-07T22:07:21","slug":"enter","status":"publish","type":"page","link":"https:\/\/enter.chocolateawards.com\/fr\/enter\/","title":{"rendered":"Entrez les International Chocolate Awards"},"content":{"rendered":"<p>Les prix International Chocolate Awards sont ouverts aux entreprises ou aux individus qui fabriquent des produits fins \u00e0 base de chocolat destin\u00e9s \u00e0 une vente mondiale. Les produits doivent \u00eatre disponibles \u00e0 la vente au d\u00e9tail l&rsquo;ann\u00e9e de remise des Awards. Reportez-vous aux comp\u00e9titions individuelles r\u00e9gionales ou nationales auxquelles vous devez vous inscrire.<\/p>\n<h3><strong>R\u00e8gles et cat\u00e9gories<\/strong><\/h3>\n<p>Tous les d\u00e9tails du concours, les cat\u00e9gories et les r\u00e8gles de toutes les comp\u00e9titions peuvent \u00eatre t\u00e9l\u00e9charg\u00e9s ici (PDF): <a href=\"https:\/\/www.internationalchocolateawards.com\/wp-content\/uploads\/2020\/02\/International-Chocolate-Awards-Cat\u00e9gories-et-R\u00e8glement-2020-FR.pdf\" target=\"_blank\">International Chocolate Awards &#8211; Cat\u00e9gories et r\u00e8gles.<\/a><\/p>\n<p>Pour toute question sur le concours et comment vous y inscrire, contactez-nous en utilisant notre <a title=\"Contact\" href=\"https:\/\/www.internationalchocolateawards.com\/about\/contact\/\">formulaire de contact<\/a>.<\/p>\n<h2>Comp\u00e9titions actuelles<\/h2>\n<hr class=\"dotted\">\n<h5><strong>European, Middle Eastern and African Bean-to-Bar Competition &#8211; 2026<br \/>\n<\/strong><\/h5>\n<p><em>Bucharest, Romania, avril 8, 2026 &#8211; avril 25, 2026<\/em><\/p>\n<p><strong>Date de cl\u00f4ture<\/strong>: mars 23, 2026 &#8211; <strong>\u00c9chantillons requis par<\/strong>: mars 24, 2026<\/p>\n<hr class=\"dotted\">\n<h5><strong>British Craft Chocolate Competition &#8211; 2026<br \/>\n<\/strong><\/h5>\n<p><em>London, United Kingdom, avril 8, 2026 &#8211; avril 25, 2026<\/em><\/p>\n<p><strong>Date de cl\u00f4ture<\/strong>: mars 23, 2026 &#8211; <strong>\u00c9chantillons requis par<\/strong>: mars 24, 2026<\/p>\n<hr class=\"dotted\">\n<h5><strong>Canadian Craft Chocolate Competition &#8211; 2026<br \/>\n<\/strong><\/h5>\n<p><em>Toronto, Canada, avril 9, 2026 &#8211; mai 8, 2026<\/em><\/p>\n<p><strong>Date de cl\u00f4ture<\/strong>: mars 16, 2026 &#8211; <strong>\u00c9chantillons requis par<\/strong>: mars 16, 2026<\/p>\n<hr class=\"dotted\">\n<h5><strong>Americas Craft Chocolate Competition \u2013 USA &#8211; 2026<br \/>\n<\/strong><\/h5>\n<p><em>New York, United States, avril 9, 2026 &#8211; mai 8, 2026<\/em><\/p>\n<p><strong>Date de cl\u00f4ture<\/strong>: mars 16, 2026 &#8211; <strong>\u00c9chantillons requis par<\/strong>: mars 16, 2026<\/p>\n<hr class=\"dotted\">\n<h5><strong>Americas Craft Chocolate Competition \u2013 Latin America and the Caribbean &#8211; 2026<br \/>\n<\/strong><\/h5>\n<p><em>New York, United States, avril 9, 2026 &#8211; mai 8, 2026<\/em><\/p>\n<p><strong>Date de cl\u00f4ture<\/strong>: mars 16, 2026 &#8211; <strong>\u00c9chantillons requis par<\/strong>: mars 16, 2026<\/p>\n<hr class=\"dotted\">\n<h5><strong>French &#8211; Benelux Chocolatier Competition &#8211; 2026<br \/>\n<\/strong><\/h5>\n<p><em>Bordeaux, France, avril 30, 2026 &#8211; mai 1, 2026<\/em><\/p>\n<p><strong>Date de cl\u00f4ture<\/strong>: avril 27, 2026 &#8211; <strong>\u00c9chantillons requis par<\/strong>: avril 29, 2026<\/p>\n<p>LES INSCRIPTIONS SONT OUVERTES.<\/p>\n<p><strong><a href=\"\/fr\/competition-info?comp_id=374193\">Participer \u00e0 ce concours ou en savoir plus<\/a><\/strong><\/p>\n<hr class=\"dotted\">\n<h5><strong>Scandinavian Chocolatier Competition &#8211; 2026<br \/>\n<\/strong><\/h5>\n<p><em>Bordeaux, France, avril 30, 2026 &#8211; mai 1, 2026<\/em><\/p>\n<p><strong>Date de cl\u00f4ture<\/strong>: avril 27, 2026 &#8211; <strong>\u00c9chantillons requis par<\/strong>: avril 29, 2026<\/p>\n<p>LES INSCRIPTIONS SONT OUVERTES.<\/p>\n<p><strong><a href=\"\/fr\/competition-info?comp_id=382136\">Participer \u00e0 ce concours ou en savoir plus<\/a><\/strong><\/p>\n<hr class=\"dotted\">\n<h5><strong>Indian Craft Chocolate Competition &#8211; 2026<br \/>\n<\/strong><\/h5>\n<p><em>Bangalore, India, mai 10, 2026 &#8211; mai 30, 2026<\/em><\/p>\n<p><strong>Date de cl\u00f4ture<\/strong>: avril 15, 2026 &#8211; <strong>\u00c9chantillons requis par<\/strong>: avril 15, 2026<\/p>\n<hr class=\"dotted\">\n<h5><strong>11\u00ba Concurso de Chocolate Peruano &#8211; 2026<br \/>\n<\/strong><\/h5>\n<p><em>Lima, Peru, mai 27, 2026 &#8211; juin 23, 2026<\/em><\/p>\n<p><strong>Date de cl\u00f4ture<\/strong>: mai 9, 2026 &#8211; <strong>\u00c9chantillons requis par<\/strong>: mai 11, 2026<\/p>\n<p>LES INSCRIPTIONS SONT OUVERTES.<\/p>\n<p><strong><a href=\"\/fr\/competition-info?comp_id=374205\">Participer \u00e0 ce concours ou en savoir plus<\/a><\/strong><\/p>\n<hr class=\"dotted\">\n\n<hr class=\"dotted\">\n<h2>Comp\u00e9titions pr\u00e9c\u00e9dentes<\/h2>\n<h5><strong>World Craft Drinking Chocolate Competition &#8211; 2026<br \/>\n<\/strong><\/h5>\n<p><em>Rimini, Italy, janvier 9, 2026 &#8211; janvier 12, 2026<\/em><\/p>\n<p><strong>Date de cl\u00f4ture<\/strong>: d\u00e9cembre 17, 2025 &#8211; <strong>\u00c9chantillons requis par<\/strong>: d\u00e9cembre 19, 2025<\/p>\n<hr class=\"dotted\">\n<h5><strong>DACH &#8211; Deutschland \/ \u00d6sterreich \/ Schweiz Wettbewerb Craft Chocolatier Competition &#8211; 2026<br \/>\n<\/strong><\/h5>\n<p><em>Vienna, Austria, janvier 22, 2026 &#8211; janvier 23, 2026<\/em><\/p>\n<p><strong>Date de cl\u00f4ture<\/strong>: janvier 21, 2026 &#8211; <strong>\u00c9chantillons requis par<\/strong>: janvier 21, 2026<\/p>\n<hr class=\"dotted\">\n<h5><strong>Eastern European Craft Chocolatier Competition &#8211; 2026<br \/>\n<\/strong><\/h5>\n<p><em>Vienna, Austria, janvier 22, 2026 &#8211; janvier 23, 2026<\/em><\/p>\n<p><strong>Date de cl\u00f4ture<\/strong>: janvier 21, 2026 &#8211; <strong>\u00c9chantillons requis par<\/strong>: janvier 21, 2026<\/p>\n<hr class=\"dotted\">\n<h5><strong>Italian\/Mediterranean Craft Chocolatier Competition &#8211; 2026<br \/>\n<\/strong><\/h5>\n<p><em>Florence, Italy, f\u00e9vrier 28, 2026 &#8211; mars 3, 2026<\/em><\/p>\n<p><strong>Date de cl\u00f4ture<\/strong>: f\u00e9vrier 26, 2026 &#8211; <strong>\u00c9chantillons requis par<\/strong>: f\u00e9vrier 26, 2026<\/p>\n<hr class=\"dotted\">\n<h5><strong>Asia-Pacific Bean-to-Bar and Craft Chocolatier Competition &#8211; 2026<br \/>\n<\/strong><\/h5>\n<p><em>Hong Kong, Hong Kong, mars 9, 2026 &#8211; avril 2, 2026<\/em><\/p>\n<p><strong>Date de cl\u00f4ture<\/strong>: f\u00e9vrier 27, 2026 &#8211; <strong>\u00c9chantillons requis par<\/strong>: mars 3, 2026<\/p>\n<hr class=\"dotted\">\n<h5><strong>British Craft Chocolate Competition &#8211; 2026<br \/>\n<\/strong><\/h5>\n<p><em>London, United Kingdom, avril 8, 2026 &#8211; avril 25, 2026<\/em><\/p>\n<p><strong>Date de cl\u00f4ture<\/strong>: mars 23, 2026 &#8211; <strong>\u00c9chantillons requis par<\/strong>: mars 24, 2026<\/p>\n<hr class=\"dotted\">\n\n","protected":false},"excerpt":{"rendered":"<p>Les prix International Chocolate Awards sont ouverts aux entreprises ou aux individus qui fabriquent des produits fins \u00e0 base de chocolat destin\u00e9s \u00e0 une vente mondiale. Les produits doivent \u00eatre disponibles \u00e0 la vente au d\u00e9tail l&rsquo;ann\u00e9e de remise des Awards. Reportez-vous aux comp\u00e9titions individuelles r\u00e9gionales ou nationales auxquelles vous devez vous inscrire. R\u00e8gles et [&hellip;]<\/p>\n","protected":false},"author":1,"featured_media":0,"parent":0,"menu_order":0,"comment_status":"closed","ping_status":"open","template":"page-right-sidebar.php","meta":{"footnotes":""},"class_list":["post-4063","page","type-page","status-publish","hentry"],"yoast_head":"<!-- This site is optimized with the Yoast SEO plugin v24.1 - https:\/\/yoast.com\/wordpress\/plugins\/seo\/ -->\n<title>Entrez les International Chocolate Awards - International Chocolate Awards<\/title>\n<meta name=\"robots\" content=\"index, follow, max-snippet:-1, max-image-preview:large, max-video-preview:-1\" \/>\n<link rel=\"canonical\" href=\"https:\/\/enter.chocolateawards.com\/enter\/\" \/>\n<meta name=\"twitter:label1\" content=\"Dur\u00e9e de lecture estim\u00e9e\" \/>\n\t<meta name=\"twitter:data1\" content=\"1 minute\" \/>\n<script type=\"application\/ld+json\" class=\"yoast-schema-graph\">{\"@context\":\"https:\/\/schema.org\",\"@graph\":[{\"@type\":\"WebPage\",\"@id\":\"https:\/\/enter.chocolateawards.com\/enter\/\",\"url\":\"https:\/\/enter.chocolateawards.com\/enter\/\",\"name\":\"Entrez les International Chocolate Awards - International Chocolate Awards\",\"isPartOf\":{\"@id\":\"https:\/\/enter.chocolateawards.com\/it\/#website\"},\"datePublished\":\"2015-01-09T14:14:03+00:00\",\"dateModified\":\"2020-03-07T22:07:21+00:00\",\"inLanguage\":\"fr-FR\",\"potentialAction\":[{\"@type\":\"ReadAction\",\"target\":[\"https:\/\/enter.chocolateawards.com\/enter\/\"]}]},{\"@type\":\"WebSite\",\"@id\":\"https:\/\/enter.chocolateawards.com\/it\/#website\",\"url\":\"https:\/\/enter.chocolateawards.com\/it\/\",\"name\":\"International Chocolate Awards\",\"description\":\"c\u00e9l\u00e9brant l'excellence de l'artisanat des grands chocolatiers\",\"potentialAction\":[{\"@type\":\"SearchAction\",\"target\":{\"@type\":\"EntryPoint\",\"urlTemplate\":\"https:\/\/enter.chocolateawards.com\/it\/?s={search_term_string}\"},\"query-input\":{\"@type\":\"PropertyValueSpecification\",\"valueRequired\":true,\"valueName\":\"search_term_string\"}}],\"inLanguage\":\"fr-FR\"}]}<\/script>\n<!-- \/ Yoast SEO plugin. -->","yoast_head_json":{"title":"Entrez les International Chocolate Awards - International Chocolate Awards","robots":{"index":"index","follow":"follow","max-snippet":"max-snippet:-1","max-image-preview":"max-image-preview:large","max-video-preview":"max-video-preview:-1"},"canonical":"https:\/\/enter.chocolateawards.com\/enter\/","twitter_misc":{"Dur\u00e9e de lecture estim\u00e9e":"1 minute"},"schema":{"@context":"https:\/\/schema.org","@graph":[{"@type":"WebPage","@id":"https:\/\/enter.chocolateawards.com\/enter\/","url":"https:\/\/enter.chocolateawards.com\/enter\/","name":"Entrez les International Chocolate Awards - International Chocolate Awards","isPartOf":{"@id":"https:\/\/enter.chocolateawards.com\/it\/#website"},"datePublished":"2015-01-09T14:14:03+00:00","dateModified":"2020-03-07T22:07:21+00:00","inLanguage":"fr-FR","potentialAction":[{"@type":"ReadAction","target":["https:\/\/enter.chocolateawards.com\/enter\/"]}]},{"@type":"WebSite","@id":"https:\/\/enter.chocolateawards.com\/it\/#website","url":"https:\/\/enter.chocolateawards.com\/it\/","name":"International Chocolate Awards","description":"c\u00e9l\u00e9brant l'excellence de l'artisanat des grands chocolatiers","potentialAction":[{"@type":"SearchAction","target":{"@type":"EntryPoint","urlTemplate":"https:\/\/enter.chocolateawards.com\/it\/?s={search_term_string}"},"query-input":{"@type":"PropertyValueSpecification","valueRequired":true,"valueName":"search_term_string"}}],"inLanguage":"fr-FR"}]}},"_links":{"self":[{"href":"https:\/\/enter.chocolateawards.com\/fr\/wp-json\/wp\/v2\/pages\/4063","targetHints":{"allow":["GET"]}}],"collection":[{"href":"https:\/\/enter.chocolateawards.com\/fr\/wp-json\/wp\/v2\/pages"}],"about":[{"href":"https:\/\/enter.chocolateawards.com\/fr\/wp-json\/wp\/v2\/types\/page"}],"author":[{"embeddable":true,"href":"https:\/\/enter.chocolateawards.com\/fr\/wp-json\/wp\/v2\/users\/1"}],"replies":[{"embeddable":true,"href":"https:\/\/enter.chocolateawards.com\/fr\/wp-json\/wp\/v2\/comments?post=4063"}],"version-history":[{"count":4,"href":"https:\/\/enter.chocolateawards.com\/fr\/wp-json\/wp\/v2\/pages\/4063\/revisions"}],"predecessor-version":[{"id":11452,"href":"https:\/\/enter.chocolateawards.com\/fr\/wp-json\/wp\/v2\/pages\/4063\/revisions\/11452"}],"wp:attachment":[{"href":"https:\/\/enter.chocolateawards.com\/fr\/wp-json\/wp\/v2\/media?parent=4063"}],"curies":[{"name":"wp","href":"https:\/\/api.w.org\/{rel}","templated":true}]}}