{"id":4147,"date":"2012-01-14T11:43:39","date_gmt":"2012-01-14T11:43:39","guid":{"rendered":"http:\/\/www.internationalchocolateawards.com\/home-2\/"},"modified":"2015-08-23T13:58:57","modified_gmt":"2015-08-23T13:58:57","slug":"home","status":"publish","type":"page","link":"https:\/\/enter.chocolateawards.com\/fr\/","title":{"rendered":"Home"},"content":{"rendered":"[blockquote]Les \u00ab\u00a0International Chocolate Awards\u00a0\u00bb est une comp\u00e9tition ind\u00e9pendante c\u00e9l\u00e9brant l&rsquo;excellence dans la fabrication des chocolats surfins et des produits fabriqu\u00e9s \u00e0 partir du chocolat surfin. En tant que seule comp\u00e9tition internationale totalement ind\u00e9pendante en chocolat surfin dans le monde, nous visons \u00e0 soutenir les entreprises produisant des chocolats surfins et les chocolatiers, les petites entreprises et les artisans travaillant le chocolat surfin. En aidant ces march\u00e9s \u00e0 cro\u00eetre et \u00e0 se d\u00e9velopper, nous visons \u00e9galement \u00e0 soutenir les agriculteurs qui cultivent le cacao.[\/blockquote]\n<div class=\"info_box info_box1 info\"><div class=\"title_box\"><h4><\/h4><\/div><div class=\"content_box\">Pour nos comp\u00e9titions en cours et pour participer au Prix, rendez-vous sur notre page <a title=\"Enter competition\" href=\"https:\/\/www.internationalchocolateawards.com\/fr\/enter\/\">Participation<\/a>.<\/div><\/div>\n","protected":false},"excerpt":{"rendered":"<p>[blockquote]Les \u00ab\u00a0International Chocolate Awards\u00a0\u00bb est une comp\u00e9tition ind\u00e9pendante c\u00e9l\u00e9brant l&rsquo;excellence dans la fabrication des chocolats surfins et des produits fabriqu\u00e9s \u00e0 partir du chocolat surfin. En tant que seule comp\u00e9tition internationale totalement ind\u00e9pendante en chocolat surfin dans le monde, nous visons \u00e0 soutenir les entreprises produisant des chocolats surfins et les chocolatiers, les petites entreprises [&hellip;]<\/p>\n","protected":false},"author":1,"featured_media":21861,"parent":0,"menu_order":0,"comment_status":"open","ping_status":"open","template":"elementor_header_footer","meta":{"footnotes":""},"class_list":["post-4147","page","type-page","status-publish","has-post-thumbnail","hentry"],"yoast_head":"<!-- This site is optimized with the Yoast SEO plugin v24.1 - https:\/\/yoast.com\/wordpress\/plugins\/seo\/ -->\n<title>Home - International Chocolate Awards<\/title>\n<meta name=\"robots\" content=\"index, follow, max-snippet:-1, max-image-preview:large, max-video-preview:-1\" \/>\n<link rel=\"canonical\" href=\"https:\/\/enter.chocolateawards.com\/\" \/>\n<meta name=\"twitter:label1\" content=\"Dur\u00e9e de lecture estim\u00e9e\" \/>\n\t<meta name=\"twitter:data1\" content=\"1 minute\" \/>\n<script type=\"application\/ld+json\" class=\"yoast-schema-graph\">{\"@context\":\"https:\/\/schema.org\",\"@graph\":[{\"@type\":\"WebPage\",\"@id\":\"https:\/\/enter.chocolateawards.com\/\",\"url\":\"https:\/\/enter.chocolateawards.com\/\",\"name\":\"Home - International Chocolate Awards\",\"isPartOf\":{\"@id\":\"https:\/\/enter.chocolateawards.com\/it\/#website\"},\"primaryImageOfPage\":{\"@id\":\"https:\/\/enter.chocolateawards.com\/#primaryimage\"},\"image\":{\"@id\":\"https:\/\/enter.chocolateawards.com\/#primaryimage\"},\"thumbnailUrl\":\"https:\/\/enter.chocolateawards.com\/wp-content\/uploads\/2015\/04\/New-York-Square.jpg\",\"datePublished\":\"2012-01-14T11:43:39+00:00\",\"dateModified\":\"2015-08-23T13:58:57+00:00\",\"inLanguage\":\"fr-FR\",\"potentialAction\":[{\"@type\":\"ReadAction\",\"target\":[\"https:\/\/enter.chocolateawards.com\/\"]}]},{\"@type\":\"ImageObject\",\"inLanguage\":\"fr-FR\",\"@id\":\"https:\/\/enter.chocolateawards.com\/#primaryimage\",\"url\":\"https:\/\/enter.chocolateawards.com\/wp-content\/uploads\/2015\/04\/New-York-Square.jpg\",\"contentUrl\":\"https:\/\/enter.chocolateawards.com\/wp-content\/uploads\/2015\/04\/New-York-Square.jpg\",\"width\":400,\"height\":400},{\"@type\":\"WebSite\",\"@id\":\"https:\/\/enter.chocolateawards.com\/it\/#website\",\"url\":\"https:\/\/enter.chocolateawards.com\/it\/\",\"name\":\"International Chocolate Awards\",\"description\":\"c\u00e9l\u00e9brant l'excellence de l'artisanat des grands chocolatiers\",\"potentialAction\":[{\"@type\":\"SearchAction\",\"target\":{\"@type\":\"EntryPoint\",\"urlTemplate\":\"https:\/\/enter.chocolateawards.com\/it\/?s={search_term_string}\"},\"query-input\":{\"@type\":\"PropertyValueSpecification\",\"valueRequired\":true,\"valueName\":\"search_term_string\"}}],\"inLanguage\":\"fr-FR\"}]}<\/script>\n<!-- \/ Yoast SEO plugin. -->","yoast_head_json":{"title":"Home - International Chocolate Awards","robots":{"index":"index","follow":"follow","max-snippet":"max-snippet:-1","max-image-preview":"max-image-preview:large","max-video-preview":"max-video-preview:-1"},"canonical":"https:\/\/enter.chocolateawards.com\/","twitter_misc":{"Dur\u00e9e de lecture estim\u00e9e":"1 minute"},"schema":{"@context":"https:\/\/schema.org","@graph":[{"@type":"WebPage","@id":"https:\/\/enter.chocolateawards.com\/","url":"https:\/\/enter.chocolateawards.com\/","name":"Home - International Chocolate Awards","isPartOf":{"@id":"https:\/\/enter.chocolateawards.com\/it\/#website"},"primaryImageOfPage":{"@id":"https:\/\/enter.chocolateawards.com\/#primaryimage"},"image":{"@id":"https:\/\/enter.chocolateawards.com\/#primaryimage"},"thumbnailUrl":"https:\/\/enter.chocolateawards.com\/wp-content\/uploads\/2015\/04\/New-York-Square.jpg","datePublished":"2012-01-14T11:43:39+00:00","dateModified":"2015-08-23T13:58:57+00:00","inLanguage":"fr-FR","potentialAction":[{"@type":"ReadAction","target":["https:\/\/enter.chocolateawards.com\/"]}]},{"@type":"ImageObject","inLanguage":"fr-FR","@id":"https:\/\/enter.chocolateawards.com\/#primaryimage","url":"https:\/\/enter.chocolateawards.com\/wp-content\/uploads\/2015\/04\/New-York-Square.jpg","contentUrl":"https:\/\/enter.chocolateawards.com\/wp-content\/uploads\/2015\/04\/New-York-Square.jpg","width":400,"height":400},{"@type":"WebSite","@id":"https:\/\/enter.chocolateawards.com\/it\/#website","url":"https:\/\/enter.chocolateawards.com\/it\/","name":"International Chocolate Awards","description":"c\u00e9l\u00e9brant l'excellence de l'artisanat des grands chocolatiers","potentialAction":[{"@type":"SearchAction","target":{"@type":"EntryPoint","urlTemplate":"https:\/\/enter.chocolateawards.com\/it\/?s={search_term_string}"},"query-input":{"@type":"PropertyValueSpecification","valueRequired":true,"valueName":"search_term_string"}}],"inLanguage":"fr-FR"}]}},"_links":{"self":[{"href":"https:\/\/enter.chocolateawards.com\/fr\/wp-json\/wp\/v2\/pages\/4147","targetHints":{"allow":["GET"]}}],"collection":[{"href":"https:\/\/enter.chocolateawards.com\/fr\/wp-json\/wp\/v2\/pages"}],"about":[{"href":"https:\/\/enter.chocolateawards.com\/fr\/wp-json\/wp\/v2\/types\/page"}],"author":[{"embeddable":true,"href":"https:\/\/enter.chocolateawards.com\/fr\/wp-json\/wp\/v2\/users\/1"}],"replies":[{"embeddable":true,"href":"https:\/\/enter.chocolateawards.com\/fr\/wp-json\/wp\/v2\/comments?post=4147"}],"version-history":[{"count":21,"href":"https:\/\/enter.chocolateawards.com\/fr\/wp-json\/wp\/v2\/pages\/4147\/revisions"}],"predecessor-version":[{"id":6411,"href":"https:\/\/enter.chocolateawards.com\/fr\/wp-json\/wp\/v2\/pages\/4147\/revisions\/6411"}],"wp:featuredmedia":[{"embeddable":true,"href":"https:\/\/enter.chocolateawards.com\/fr\/wp-json\/wp\/v2\/media\/21861"}],"wp:attachment":[{"href":"https:\/\/enter.chocolateawards.com\/fr\/wp-json\/wp\/v2\/media?parent=4147"}],"curies":[{"name":"wp","href":"https:\/\/api.w.org\/{rel}","templated":true}]}}