{"id":8641,"date":"2013-09-03T22:59:15","date_gmt":"2013-09-03T22:59:15","guid":{"rendered":"http:\/\/www.internationalchocolateawards.com\/judges\/"},"modified":"2017-09-20T21:09:01","modified_gmt":"2017-09-20T21:09:01","slug":"judges","status":"publish","type":"page","link":"https:\/\/enter.chocolateawards.com\/fr\/judges\/","title":{"rendered":"Juges"},"content":{"rendered":"<p>Dans le cadre de notre engagement avec l&rsquo;\u00e9quipe de AWARDS et leur r\u00e9glement; ce que nous faisons toujours en mati\u00e8re de transparence, nous publions les noms des juges pour chaque concours.\u00a0(Sauf ceux qui ne souhaitent pas \u00eatre publi\u00e9s).<\/p>\n<p>Chaque concours est jug\u00e9 par un panel d&rsquo;experts, journalistes de l&rsquo;alimentation, sommeliers et p\u00e2tissiers, y compris les noms \u00e9num\u00e9r\u00e9s ci-dessous. La comp\u00e9tition est supervis\u00e9e par les membres de notre Grand jury international, qui se rendent \u00e0 chaque comp\u00e9tition.<\/p>\n<p>Nous tenons \u00e0 remercier nos juges pour leur travail acharn\u00e9, y compris ceux qui ont choisi de ne pas figurer sur leur nom. Vous pouvez trouver la liste compl\u00e8te des gagnants de cette comp\u00e9tition dans notre section \u00abRounds &amp; r\u00e9sultats\u00bb sur le site officiel.<\/p>\n<hr class=\"dotted\">\n<div class=\"frm_no_entries\">No Entries Found<\/div>\n\n","protected":false},"excerpt":{"rendered":"<p>Dans le cadre de notre engagement avec l&rsquo;\u00e9quipe de AWARDS et leur r\u00e9glement; ce que nous faisons toujours en mati\u00e8re de transparence, nous publions les noms des juges pour chaque concours.\u00a0(Sauf ceux qui ne souhaitent pas \u00eatre publi\u00e9s). Chaque concours est jug\u00e9 par un panel d&rsquo;experts, journalistes de l&rsquo;alimentation, sommeliers et p\u00e2tissiers, y compris les [&hellip;]<\/p>\n","protected":false},"author":1,"featured_media":0,"parent":0,"menu_order":0,"comment_status":"closed","ping_status":"open","template":"page-right-sidebar.php","meta":{"footnotes":""},"class_list":["post-8641","page","type-page","status-publish","hentry"],"yoast_head":"<!-- This site is optimized with the Yoast SEO plugin v24.1 - https:\/\/yoast.com\/wordpress\/plugins\/seo\/ -->\n<title>Juges - International Chocolate Awards<\/title>\n<meta name=\"robots\" content=\"index, follow, max-snippet:-1, max-image-preview:large, max-video-preview:-1\" \/>\n<link rel=\"canonical\" href=\"https:\/\/enter.chocolateawards.com\/judges\/\" \/>\n<meta name=\"twitter:label1\" content=\"Dur\u00e9e de lecture estim\u00e9e\" \/>\n\t<meta name=\"twitter:data1\" content=\"1 minute\" \/>\n<script type=\"application\/ld+json\" class=\"yoast-schema-graph\">{\"@context\":\"https:\/\/schema.org\",\"@graph\":[{\"@type\":\"WebPage\",\"@id\":\"https:\/\/enter.chocolateawards.com\/judges\/\",\"url\":\"https:\/\/enter.chocolateawards.com\/judges\/\",\"name\":\"Juges - International Chocolate Awards\",\"isPartOf\":{\"@id\":\"https:\/\/enter.chocolateawards.com\/it\/#website\"},\"datePublished\":\"2013-09-03T22:59:15+00:00\",\"dateModified\":\"2017-09-20T21:09:01+00:00\",\"inLanguage\":\"fr-FR\",\"potentialAction\":[{\"@type\":\"ReadAction\",\"target\":[\"https:\/\/enter.chocolateawards.com\/judges\/\"]}]},{\"@type\":\"WebSite\",\"@id\":\"https:\/\/enter.chocolateawards.com\/it\/#website\",\"url\":\"https:\/\/enter.chocolateawards.com\/it\/\",\"name\":\"International Chocolate Awards\",\"description\":\"c\u00e9l\u00e9brant l'excellence de l'artisanat des grands chocolatiers\",\"potentialAction\":[{\"@type\":\"SearchAction\",\"target\":{\"@type\":\"EntryPoint\",\"urlTemplate\":\"https:\/\/enter.chocolateawards.com\/it\/?s={search_term_string}\"},\"query-input\":{\"@type\":\"PropertyValueSpecification\",\"valueRequired\":true,\"valueName\":\"search_term_string\"}}],\"inLanguage\":\"fr-FR\"}]}<\/script>\n<!-- \/ Yoast SEO plugin. -->","yoast_head_json":{"title":"Juges - International Chocolate Awards","robots":{"index":"index","follow":"follow","max-snippet":"max-snippet:-1","max-image-preview":"max-image-preview:large","max-video-preview":"max-video-preview:-1"},"canonical":"https:\/\/enter.chocolateawards.com\/judges\/","twitter_misc":{"Dur\u00e9e de lecture estim\u00e9e":"1 minute"},"schema":{"@context":"https:\/\/schema.org","@graph":[{"@type":"WebPage","@id":"https:\/\/enter.chocolateawards.com\/judges\/","url":"https:\/\/enter.chocolateawards.com\/judges\/","name":"Juges - International Chocolate Awards","isPartOf":{"@id":"https:\/\/enter.chocolateawards.com\/it\/#website"},"datePublished":"2013-09-03T22:59:15+00:00","dateModified":"2017-09-20T21:09:01+00:00","inLanguage":"fr-FR","potentialAction":[{"@type":"ReadAction","target":["https:\/\/enter.chocolateawards.com\/judges\/"]}]},{"@type":"WebSite","@id":"https:\/\/enter.chocolateawards.com\/it\/#website","url":"https:\/\/enter.chocolateawards.com\/it\/","name":"International Chocolate Awards","description":"c\u00e9l\u00e9brant l'excellence de l'artisanat des grands chocolatiers","potentialAction":[{"@type":"SearchAction","target":{"@type":"EntryPoint","urlTemplate":"https:\/\/enter.chocolateawards.com\/it\/?s={search_term_string}"},"query-input":{"@type":"PropertyValueSpecification","valueRequired":true,"valueName":"search_term_string"}}],"inLanguage":"fr-FR"}]}},"_links":{"self":[{"href":"https:\/\/enter.chocolateawards.com\/fr\/wp-json\/wp\/v2\/pages\/8641","targetHints":{"allow":["GET"]}}],"collection":[{"href":"https:\/\/enter.chocolateawards.com\/fr\/wp-json\/wp\/v2\/pages"}],"about":[{"href":"https:\/\/enter.chocolateawards.com\/fr\/wp-json\/wp\/v2\/types\/page"}],"author":[{"embeddable":true,"href":"https:\/\/enter.chocolateawards.com\/fr\/wp-json\/wp\/v2\/users\/1"}],"replies":[{"embeddable":true,"href":"https:\/\/enter.chocolateawards.com\/fr\/wp-json\/wp\/v2\/comments?post=8641"}],"version-history":[{"count":3,"href":"https:\/\/enter.chocolateawards.com\/fr\/wp-json\/wp\/v2\/pages\/8641\/revisions"}],"predecessor-version":[{"id":8649,"href":"https:\/\/enter.chocolateawards.com\/fr\/wp-json\/wp\/v2\/pages\/8641\/revisions\/8649"}],"wp:attachment":[{"href":"https:\/\/enter.chocolateawards.com\/fr\/wp-json\/wp\/v2\/media?parent=8641"}],"curies":[{"name":"wp","href":"https:\/\/api.w.org\/{rel}","templated":true}]}}